{"id":48,"date":"2025-10-13T21:03:13","date_gmt":"2025-10-13T21:03:13","guid":{"rendered":"https:\/\/isi-securite-interieure.fr\/?page_id=48"},"modified":"2026-03-31T17:40:03","modified_gmt":"2026-03-31T17:40:03","slug":"journaux","status":"publish","type":"page","link":"https:\/\/isi-securite-interieure.fr\/index.php\/journaux\/","title":{"rendered":"M\u00e9dias"},"content":{"rendered":"\n<figure class=\"wp-block-gallery has-nested-images columns-default is-cropped wp-block-gallery-1 is-layout-flex wp-block-gallery-is-layout-flex\">\n<figure class=\"wp-block-image size-large\"><a href=\"https:\/\/www.europe1.fr\/politique\/desarmement-de-la-police-municipale-les-maires-lfi-sont-hors-sol-et-ne-comprennent-pas-la-societe-fustige-bruno-pomart-917158?amp\"><img fetchpriority=\"high\" decoding=\"async\" width=\"1024\" height=\"504\" data-id=\"308\" src=\"https:\/\/isi-securite-interieure.fr\/wp-content\/uploads\/2026\/03\/image_2026-03-31_193604879-1024x504.png\" alt=\"\" class=\"wp-image-308\" srcset=\"https:\/\/isi-securite-interieure.fr\/wp-content\/uploads\/2026\/03\/image_2026-03-31_193604879-1024x504.png 1024w, https:\/\/isi-securite-interieure.fr\/wp-content\/uploads\/2026\/03\/image_2026-03-31_193604879-300x148.png 300w, https:\/\/isi-securite-interieure.fr\/wp-content\/uploads\/2026\/03\/image_2026-03-31_193604879-768x378.png 768w, https:\/\/isi-securite-interieure.fr\/wp-content\/uploads\/2026\/03\/image_2026-03-31_193604879-1536x756.png 1536w, https:\/\/isi-securite-interieure.fr\/wp-content\/uploads\/2026\/03\/image_2026-03-31_193604879-200x98.png 200w, https:\/\/isi-securite-interieure.fr\/wp-content\/uploads\/2026\/03\/image_2026-03-31_193604879-1200x591.png 1200w, https:\/\/isi-securite-interieure.fr\/wp-content\/uploads\/2026\/03\/image_2026-03-31_193604879.png 1844w\" sizes=\"(max-width: 1024px) 100vw, 1024px\" \/><\/a><\/figure>\n<\/figure>\n\n\n\n<p class=\"has-secondary-color has-text-color has-link-color has-larger-font-size wp-elements-251d8a2f485d5aefbba37f4944b480cc\"><strong><a href=\"https:\/\/www.europe1.fr\/politique\/desarmement-de-la-police-municipale-les-maires-lfi-sont-hors-sol-et-ne-comprennent-pas-la-societe-fustige-bruno-pomart-917158?amp\">D\u00e9sarmement de la police municipale : \u00abLes maires LFI sont hors sol et ne comprennent pas la soci\u00e9t\u00e9\u00bb, fustige Bruno Pomart<\/a><\/strong><\/p>\n\n\n\n<div class=\"wp-block-columns is-layout-flex wp-container-core-columns-is-layout-9d6595d7 wp-block-columns-is-layout-flex\">\n<div class=\"wp-block-column is-layout-flow wp-block-column-is-layout-flow\">\n<figure class=\"wp-block-video\"><video height=\"1080\" style=\"aspect-ratio: 1920 \/ 1080;\" width=\"1920\" controls src=\"https:\/\/isi-securite-interieure.fr\/wp-content\/uploads\/2026\/01\/video-isi-linda-bfm-1-2.mp4\"><\/video><\/figure>\n<\/div>\n<\/div>\n\n\n\n<h2 class=\"wp-block-heading has-secondary-color has-text-color has-link-color has-larger-font-size wp-elements-df3612dfa47af03623608235fc7a0ce2\">Drones et vid\u00e9o algorithmique. Linda Kebbab sur BFMTV, \u00e9mission du 29 Janvier 2026<\/h2>\n\n\n\n<figure class=\"wp-block-video\"><video height=\"1080\" style=\"aspect-ratio: 1920 \/ 1080;\" width=\"1920\" controls src=\"https:\/\/isi-securite-interieure.fr\/wp-content\/uploads\/2026\/01\/video-courtes-peines-1.mp4\"><\/video><\/figure>\n\n\n\n<h2 class=\"wp-block-heading has-secondary-color has-text-color has-link-color has-larger-font-size wp-elements-1c602f75e74cf40a47a10041e6d48ed1\">Linda Kebbab sur les tr\u00e8s courtes peines. Le 26 novembre 2025 sur Punchline\/CNEWS<\/h2>\n\n\n\n<div class=\"wp-block-group alignfull has-background-color has-white-color has-black-background-color has-text-color has-background has-link-color wp-elements-4403cd4c6d68018debaf0f6f539a9608 is-vertical is-content-justification-stretch is-layout-flex wp-container-core-group-is-layout-47eb2bc5 wp-block-group-is-layout-flex\" style=\"min-height:40vh;margin-top:0;margin-bottom:0;padding-top:var(--wp--preset--spacing--60);padding-right:var(--wp--preset--spacing--40);padding-bottom:var(--wp--preset--spacing--60);padding-left:var(--wp--preset--spacing--40)\">\n<div class=\"wp-block-columns alignwide has-small-font-size is-layout-flex wp-container-core-columns-is-layout-9d6595d7 wp-block-columns-is-layout-flex\">\n<div class=\"wp-block-column is-layout-flow wp-block-column-is-layout-flow\">\n<p class=\"has-text-align-center\">Initiative S\u00e9curit\u00e9 Interieure<\/p>\n\n\n\n<div style=\"height:24px\" aria-hidden=\"true\" class=\"wp-block-spacer\"><\/div>\n\n\n\n<figure class=\"wp-block-image size-full\"><img decoding=\"async\" width=\"1024\" height=\"1024\" src=\"https:\/\/isi-securite-interieure.fr\/wp-content\/uploads\/2025\/11\/PHOTO-2025-11-09-17-37-24.jpg\" alt=\"\" class=\"wp-image-193\" srcset=\"https:\/\/isi-securite-interieure.fr\/wp-content\/uploads\/2025\/11\/PHOTO-2025-11-09-17-37-24.jpg 1024w, https:\/\/isi-securite-interieure.fr\/wp-content\/uploads\/2025\/11\/PHOTO-2025-11-09-17-37-24-300x300.jpg 300w, https:\/\/isi-securite-interieure.fr\/wp-content\/uploads\/2025\/11\/PHOTO-2025-11-09-17-37-24-150x150.jpg 150w, https:\/\/isi-securite-interieure.fr\/wp-content\/uploads\/2025\/11\/PHOTO-2025-11-09-17-37-24-768x768.jpg 768w\" sizes=\"(max-width: 1024px) 100vw, 1024px\" \/><\/figure>\n<\/div>\n\n\n\n<div class=\"wp-block-column is-layout-flow wp-block-column-is-layout-flow\">\n<p class=\"has-text-align-center\">Pages<\/p>\n\n\n<nav class=\"has-small-font-size items-justified-center is-vertical no-wrap wp-block-navigation is-content-justification-center is-nowrap is-layout-flex wp-container-core-navigation-is-layout-685400d0 wp-block-navigation-is-layout-flex\" aria-label=\"Navigation\"><ul class=\"wp-block-navigation__container has-small-font-size items-justified-center is-vertical no-wrap wp-block-navigation has-small-font-size\"><li class=\"has-small-font-size wp-block-navigation-item wp-block-navigation-link\"><a class=\"wp-block-navigation-item__content\"  href=\"https:\/\/isi-securite-interieure.fr\/index.php\/accueil\/\"><span class=\"wp-block-navigation-item__label\">Accueil<\/span><\/a><\/li><li class=\"has-small-font-size wp-block-navigation-item wp-block-navigation-link\"><a class=\"wp-block-navigation-item__content\"  href=\"https:\/\/isi-securite-interieure.fr\/index.php\/qui-sommes-nous\/\"><span class=\"wp-block-navigation-item__label\">Qui sommes nous ?<\/span><\/a><\/li><li class=\"has-small-font-size wp-block-navigation-item wp-block-navigation-link\"><a class=\"wp-block-navigation-item__content\"  href=\"https:\/\/isi-securite-interieure.fr\/index.php\/travaux\/\"><span class=\"wp-block-navigation-item__label\">Travaux<\/span><\/a><\/li><li class=\"has-small-font-size wp-block-navigation-item wp-block-navigation-link\"><a class=\"wp-block-navigation-item__content\"  href=\"https:\/\/isi-securite-interieure.fr\/index.php\/medias\/\"><span class=\"wp-block-navigation-item__label\">Presse &amp; Tribunes<\/span><\/a><\/li><li class=\"has-small-font-size wp-block-navigation-item wp-block-navigation-link\"><a class=\"wp-block-navigation-item__content\"  href=\"https:\/\/isi-securite-interieure.fr\/index.php\/journaux\/\"><span class=\"wp-block-navigation-item__label\">M\u00e9dias<\/span><\/a><\/li><li class=\"has-small-font-size wp-block-navigation-item wp-block-navigation-link\"><a class=\"wp-block-navigation-item__content\"  href=\"https:\/\/isi-securite-interieure.fr\/index.php\/contactez-nous\/\"><span class=\"wp-block-navigation-item__label\">Contactez-nous !<\/span><\/a><\/li><li class=\"has-small-font-size wp-block-navigation-item wp-block-navigation-link\"><a class=\"wp-block-navigation-item__content\"  href=\"https:\/\/isi-securite-interieure.fr\/index.php\/97-2\/\"><span class=\"wp-block-navigation-item__label\">Mentions l\u00e9gales<\/span><\/a><\/li><\/ul><\/nav>\n\n\n<div style=\"height:24px\" aria-hidden=\"true\" class=\"wp-block-spacer\"><\/div>\n<\/div>\n\n\n\n<div class=\"wp-block-column is-layout-flow wp-block-column-is-layout-flow\">\n<p class=\"has-text-align-center\">Suivez nous<\/p>\n\n\n\n<div class=\"wp-block-group is-vertical is-content-justification-center is-layout-flex wp-container-core-group-is-layout-bdd043ae wp-block-group-is-layout-flex\">\n<p><a href=\"https:\/\/x.com\/isisecurite_int?s=11&amp;t=W8cZMrzpBgYcQ3-Vu5xGNA\">X\/Twitter<\/a><\/p>\n\n\n\n<p><a href=\"https:\/\/www.linkedin.com\/company\/isi-initiative-s%C3%A9curit%C3%A9-int%C3%A9rieure\/\">Linkedin<\/a><\/p>\n\n\n\n<p><\/p>\n<\/div>\n\n\n\n<div style=\"height:24px\" aria-hidden=\"true\" class=\"wp-block-spacer\"><\/div>\n<\/div>\n<\/div>\n\n\n\n<div class=\"wp-block-group alignwide is-content-justification-center is-layout-flex wp-container-core-group-is-layout-5590e8cb wp-block-group-is-layout-flex\">\n<p class=\"has-text-align-center has-small-font-size\"><\/p>\n<\/div>\n<\/div>\n\n\n\n<div class=\"wp-block-columns is-layout-flex wp-container-core-columns-is-layout-9d6595d7 wp-block-columns-is-layout-flex\">\n<div class=\"wp-block-column is-layout-flow wp-block-column-is-layout-flow\"><\/div>\n\n\n\n<div class=\"wp-block-column is-layout-flow wp-block-column-is-layout-flow\"><\/div>\n<\/div>\n\n\n\n<p><\/p>\n","protected":false},"excerpt":{"rendered":"<p>D\u00e9sarmement de la police municipale : \u00abLes maires LFI sont hors sol et ne comprennent pas la soci\u00e9t\u00e9\u00bb, fustige Bruno Pomart Drones et vid\u00e9o algorithmique. Linda Kebbab sur BFMTV, \u00e9mission du 29 Janvier 2026 Linda Kebbab sur les tr\u00e8s courtes peines. Le 26 novembre 2025 sur Punchline\/CNEWS Initiative S\u00e9curit\u00e9 Interieure Pages Suivez nous X\/Twitter Linkedin<\/p>\n","protected":false},"author":1,"featured_media":0,"parent":0,"menu_order":0,"comment_status":"closed","ping_status":"closed","template":"","meta":{"om_disable_all_campaigns":false,"footnotes":""},"class_list":["post-48","page","type-page","status-publish","hentry"],"yoast_head":"<!-- This site is optimized with the Yoast SEO plugin v27.3 - https:\/\/yoast.com\/product\/yoast-seo-wordpress\/ -->\n<title>M\u00e9dias - Initiative S\u00e9curit\u00e9 Interieure<\/title>\n<meta name=\"robots\" content=\"index, follow, max-snippet:-1, max-image-preview:large, max-video-preview:-1\" \/>\n<link rel=\"canonical\" href=\"https:\/\/isi-securite-interieure.fr\/index.php\/journaux\/\" \/>\n<meta property=\"og:locale\" content=\"fr_FR\" \/>\n<meta property=\"og:type\" content=\"article\" \/>\n<meta property=\"og:title\" content=\"M\u00e9dias - Initiative S\u00e9curit\u00e9 Interieure\" \/>\n<meta property=\"og:description\" content=\"D\u00e9sarmement de la police municipale : \u00abLes maires LFI sont hors sol et ne comprennent pas la soci\u00e9t\u00e9\u00bb, fustige Bruno Pomart Drones et vid\u00e9o algorithmique. Linda Kebbab sur BFMTV, \u00e9mission du 29 Janvier 2026 Linda Kebbab sur les tr\u00e8s courtes peines. Le 26 novembre 2025 sur Punchline\/CNEWS Initiative S\u00e9curit\u00e9 Interieure Pages Suivez nous X\/Twitter Linkedin\" \/>\n<meta property=\"og:url\" content=\"https:\/\/isi-securite-interieure.fr\/index.php\/journaux\/\" \/>\n<meta property=\"og:site_name\" content=\"Initiative S\u00e9curit\u00e9 Interieure\" \/>\n<meta property=\"article:modified_time\" content=\"2026-03-31T17:40:03+00:00\" \/>\n<meta property=\"og:image\" content=\"https:\/\/isi-securite-interieure.fr\/wp-content\/uploads\/2026\/03\/image_2026-03-31_193604879.png\" \/>\n\t<meta property=\"og:image:width\" content=\"1844\" \/>\n\t<meta property=\"og:image:height\" content=\"908\" \/>\n\t<meta property=\"og:image:type\" content=\"image\/png\" \/>\n<meta name=\"twitter:card\" content=\"summary_large_image\" \/>\n<meta name=\"twitter:site\" content=\"@i_s_interieure\" \/>\n<meta name=\"twitter:label1\" content=\"Dur\u00e9e de lecture estim\u00e9e\" \/>\n\t<meta name=\"twitter:data1\" content=\"1 minute\" \/>\n<script type=\"application\/ld+json\" class=\"yoast-schema-graph\">{\"@context\":\"https:\\\/\\\/schema.org\",\"@graph\":[{\"@type\":\"WebPage\",\"@id\":\"https:\\\/\\\/isi-securite-interieure.fr\\\/index.php\\\/journaux\\\/\",\"url\":\"https:\\\/\\\/isi-securite-interieure.fr\\\/index.php\\\/journaux\\\/\",\"name\":\"M\u00e9dias - Initiative S\u00e9curit\u00e9 Interieure\",\"isPartOf\":{\"@id\":\"https:\\\/\\\/isi-securite-interieure.fr\\\/#website\"},\"primaryImageOfPage\":{\"@id\":\"https:\\\/\\\/isi-securite-interieure.fr\\\/index.php\\\/journaux\\\/#primaryimage\"},\"image\":{\"@id\":\"https:\\\/\\\/isi-securite-interieure.fr\\\/index.php\\\/journaux\\\/#primaryimage\"},\"thumbnailUrl\":\"https:\\\/\\\/isi-securite-interieure.fr\\\/wp-content\\\/uploads\\\/2026\\\/03\\\/image_2026-03-31_193604879-1024x504.png\",\"datePublished\":\"2025-10-13T21:03:13+00:00\",\"dateModified\":\"2026-03-31T17:40:03+00:00\",\"breadcrumb\":{\"@id\":\"https:\\\/\\\/isi-securite-interieure.fr\\\/index.php\\\/journaux\\\/#breadcrumb\"},\"inLanguage\":\"fr-FR\",\"potentialAction\":[{\"@type\":\"ReadAction\",\"target\":[\"https:\\\/\\\/isi-securite-interieure.fr\\\/index.php\\\/journaux\\\/\"]}]},{\"@type\":\"ImageObject\",\"inLanguage\":\"fr-FR\",\"@id\":\"https:\\\/\\\/isi-securite-interieure.fr\\\/index.php\\\/journaux\\\/#primaryimage\",\"url\":\"https:\\\/\\\/isi-securite-interieure.fr\\\/wp-content\\\/uploads\\\/2026\\\/03\\\/image_2026-03-31_193604879.png\",\"contentUrl\":\"https:\\\/\\\/isi-securite-interieure.fr\\\/wp-content\\\/uploads\\\/2026\\\/03\\\/image_2026-03-31_193604879.png\",\"width\":1844,\"height\":908},{\"@type\":\"BreadcrumbList\",\"@id\":\"https:\\\/\\\/isi-securite-interieure.fr\\\/index.php\\\/journaux\\\/#breadcrumb\",\"itemListElement\":[{\"@type\":\"ListItem\",\"position\":1,\"name\":\"Accueil\",\"item\":\"https:\\\/\\\/isi-securite-interieure.fr\\\/\"},{\"@type\":\"ListItem\",\"position\":2,\"name\":\"M\u00e9dias\"}]},{\"@type\":\"WebSite\",\"@id\":\"https:\\\/\\\/isi-securite-interieure.fr\\\/#website\",\"url\":\"https:\\\/\\\/isi-securite-interieure.fr\\\/\",\"name\":\"Initiative S\u00e9curit\u00e9 Interieur\",\"description\":\"Cercle de r\u00e9flexion et d\u2019influence.  Parce que la s\u00e9curit\u00e9 est la premi\u00e8re de nos libert\u00e9s.\",\"publisher\":{\"@id\":\"https:\\\/\\\/isi-securite-interieure.fr\\\/#organization\"},\"potentialAction\":[{\"@type\":\"SearchAction\",\"target\":{\"@type\":\"EntryPoint\",\"urlTemplate\":\"https:\\\/\\\/isi-securite-interieure.fr\\\/?s={search_term_string}\"},\"query-input\":{\"@type\":\"PropertyValueSpecification\",\"valueRequired\":true,\"valueName\":\"search_term_string\"}}],\"inLanguage\":\"fr-FR\"},{\"@type\":\"Organization\",\"@id\":\"https:\\\/\\\/isi-securite-interieure.fr\\\/#organization\",\"name\":\"Initiative S\u00e9curit\u00e9 Interieur\",\"url\":\"https:\\\/\\\/isi-securite-interieure.fr\\\/\",\"logo\":{\"@type\":\"ImageObject\",\"inLanguage\":\"fr-FR\",\"@id\":\"https:\\\/\\\/isi-securite-interieure.fr\\\/#\\\/schema\\\/logo\\\/image\\\/\",\"url\":\"https:\\\/\\\/isi-securite-interieure.fr\\\/wp-content\\\/uploads\\\/2025\\\/11\\\/cropped-cropped-PHOTO-2025-11-09-17-37-24.jpg\",\"contentUrl\":\"https:\\\/\\\/isi-securite-interieure.fr\\\/wp-content\\\/uploads\\\/2025\\\/11\\\/cropped-cropped-PHOTO-2025-11-09-17-37-24.jpg\",\"width\":512,\"height\":512,\"caption\":\"Initiative S\u00e9curit\u00e9 Interieur\"},\"image\":{\"@id\":\"https:\\\/\\\/isi-securite-interieure.fr\\\/#\\\/schema\\\/logo\\\/image\\\/\"},\"sameAs\":[\"https:\\\/\\\/x.com\\\/i_s_interieure\"]}]}<\/script>\n<!-- \/ Yoast SEO plugin. -->","yoast_head_json":{"title":"M\u00e9dias - Initiative S\u00e9curit\u00e9 Interieure","robots":{"index":"index","follow":"follow","max-snippet":"max-snippet:-1","max-image-preview":"max-image-preview:large","max-video-preview":"max-video-preview:-1"},"canonical":"https:\/\/isi-securite-interieure.fr\/index.php\/journaux\/","og_locale":"fr_FR","og_type":"article","og_title":"M\u00e9dias - Initiative S\u00e9curit\u00e9 Interieure","og_description":"D\u00e9sarmement de la police municipale : \u00abLes maires LFI sont hors sol et ne comprennent pas la soci\u00e9t\u00e9\u00bb, fustige Bruno Pomart Drones et vid\u00e9o algorithmique. Linda Kebbab sur BFMTV, \u00e9mission du 29 Janvier 2026 Linda Kebbab sur les tr\u00e8s courtes peines. Le 26 novembre 2025 sur Punchline\/CNEWS Initiative S\u00e9curit\u00e9 Interieure Pages Suivez nous X\/Twitter Linkedin","og_url":"https:\/\/isi-securite-interieure.fr\/index.php\/journaux\/","og_site_name":"Initiative S\u00e9curit\u00e9 Interieure","article_modified_time":"2026-03-31T17:40:03+00:00","og_image":[{"width":1844,"height":908,"url":"https:\/\/isi-securite-interieure.fr\/wp-content\/uploads\/2026\/03\/image_2026-03-31_193604879.png","type":"image\/png"}],"twitter_card":"summary_large_image","twitter_site":"@i_s_interieure","twitter_misc":{"Dur\u00e9e de lecture estim\u00e9e":"1 minute"},"schema":{"@context":"https:\/\/schema.org","@graph":[{"@type":"WebPage","@id":"https:\/\/isi-securite-interieure.fr\/index.php\/journaux\/","url":"https:\/\/isi-securite-interieure.fr\/index.php\/journaux\/","name":"M\u00e9dias - Initiative S\u00e9curit\u00e9 Interieure","isPartOf":{"@id":"https:\/\/isi-securite-interieure.fr\/#website"},"primaryImageOfPage":{"@id":"https:\/\/isi-securite-interieure.fr\/index.php\/journaux\/#primaryimage"},"image":{"@id":"https:\/\/isi-securite-interieure.fr\/index.php\/journaux\/#primaryimage"},"thumbnailUrl":"https:\/\/isi-securite-interieure.fr\/wp-content\/uploads\/2026\/03\/image_2026-03-31_193604879-1024x504.png","datePublished":"2025-10-13T21:03:13+00:00","dateModified":"2026-03-31T17:40:03+00:00","breadcrumb":{"@id":"https:\/\/isi-securite-interieure.fr\/index.php\/journaux\/#breadcrumb"},"inLanguage":"fr-FR","potentialAction":[{"@type":"ReadAction","target":["https:\/\/isi-securite-interieure.fr\/index.php\/journaux\/"]}]},{"@type":"ImageObject","inLanguage":"fr-FR","@id":"https:\/\/isi-securite-interieure.fr\/index.php\/journaux\/#primaryimage","url":"https:\/\/isi-securite-interieure.fr\/wp-content\/uploads\/2026\/03\/image_2026-03-31_193604879.png","contentUrl":"https:\/\/isi-securite-interieure.fr\/wp-content\/uploads\/2026\/03\/image_2026-03-31_193604879.png","width":1844,"height":908},{"@type":"BreadcrumbList","@id":"https:\/\/isi-securite-interieure.fr\/index.php\/journaux\/#breadcrumb","itemListElement":[{"@type":"ListItem","position":1,"name":"Accueil","item":"https:\/\/isi-securite-interieure.fr\/"},{"@type":"ListItem","position":2,"name":"M\u00e9dias"}]},{"@type":"WebSite","@id":"https:\/\/isi-securite-interieure.fr\/#website","url":"https:\/\/isi-securite-interieure.fr\/","name":"Initiative S\u00e9curit\u00e9 Interieur","description":"Cercle de r\u00e9flexion et d\u2019influence.  Parce que la s\u00e9curit\u00e9 est la premi\u00e8re de nos libert\u00e9s.","publisher":{"@id":"https:\/\/isi-securite-interieure.fr\/#organization"},"potentialAction":[{"@type":"SearchAction","target":{"@type":"EntryPoint","urlTemplate":"https:\/\/isi-securite-interieure.fr\/?s={search_term_string}"},"query-input":{"@type":"PropertyValueSpecification","valueRequired":true,"valueName":"search_term_string"}}],"inLanguage":"fr-FR"},{"@type":"Organization","@id":"https:\/\/isi-securite-interieure.fr\/#organization","name":"Initiative S\u00e9curit\u00e9 Interieur","url":"https:\/\/isi-securite-interieure.fr\/","logo":{"@type":"ImageObject","inLanguage":"fr-FR","@id":"https:\/\/isi-securite-interieure.fr\/#\/schema\/logo\/image\/","url":"https:\/\/isi-securite-interieure.fr\/wp-content\/uploads\/2025\/11\/cropped-cropped-PHOTO-2025-11-09-17-37-24.jpg","contentUrl":"https:\/\/isi-securite-interieure.fr\/wp-content\/uploads\/2025\/11\/cropped-cropped-PHOTO-2025-11-09-17-37-24.jpg","width":512,"height":512,"caption":"Initiative S\u00e9curit\u00e9 Interieur"},"image":{"@id":"https:\/\/isi-securite-interieure.fr\/#\/schema\/logo\/image\/"},"sameAs":["https:\/\/x.com\/i_s_interieure"]}]}},"_links":{"self":[{"href":"https:\/\/isi-securite-interieure.fr\/index.php\/wp-json\/wp\/v2\/pages\/48","targetHints":{"allow":["GET"]}}],"collection":[{"href":"https:\/\/isi-securite-interieure.fr\/index.php\/wp-json\/wp\/v2\/pages"}],"about":[{"href":"https:\/\/isi-securite-interieure.fr\/index.php\/wp-json\/wp\/v2\/types\/page"}],"author":[{"embeddable":true,"href":"https:\/\/isi-securite-interieure.fr\/index.php\/wp-json\/wp\/v2\/users\/1"}],"replies":[{"embeddable":true,"href":"https:\/\/isi-securite-interieure.fr\/index.php\/wp-json\/wp\/v2\/comments?post=48"}],"version-history":[{"count":22,"href":"https:\/\/isi-securite-interieure.fr\/index.php\/wp-json\/wp\/v2\/pages\/48\/revisions"}],"predecessor-version":[{"id":311,"href":"https:\/\/isi-securite-interieure.fr\/index.php\/wp-json\/wp\/v2\/pages\/48\/revisions\/311"}],"wp:attachment":[{"href":"https:\/\/isi-securite-interieure.fr\/index.php\/wp-json\/wp\/v2\/media?parent=48"}],"curies":[{"name":"wp","href":"https:\/\/api.w.org\/{rel}","templated":true}]}}