{"id":36,"date":"2025-10-13T20:54:21","date_gmt":"2025-10-13T20:54:21","guid":{"rendered":"https:\/\/isi-securite-interieure.fr\/?page_id=36"},"modified":"2026-01-31T16:34:43","modified_gmt":"2026-01-31T16:34:43","slug":"accueil","status":"publish","type":"page","link":"https:\/\/isi-securite-interieure.fr\/","title":{"rendered":"Accueil"},"content":{"rendered":"\n<div class=\"wp-block-cover alignfull is-light has-background-color has-text-color has-link-color has-normal-font-size wp-elements-f3b78dc24d6a2f7e99327fcf36229207 wp-duotone-unset-1\" style=\"min-height:441px;aspect-ratio:unset;\"><img fetchpriority=\"high\" decoding=\"async\" width=\"1707\" height=\"2560\" class=\"wp-block-cover__image-background wp-image-265 size-full\" alt=\"\" src=\"https:\/\/isi-securite-interieure.fr\/wp-content\/uploads\/2026\/01\/pf-misc14-adj00948-adj-b-scaled.jpg\" data-object-fit=\"cover\" srcset=\"https:\/\/isi-securite-interieure.fr\/wp-content\/uploads\/2026\/01\/pf-misc14-adj00948-adj-b-scaled.jpg 1707w, https:\/\/isi-securite-interieure.fr\/wp-content\/uploads\/2026\/01\/pf-misc14-adj00948-adj-b-200x300.jpg 200w, https:\/\/isi-securite-interieure.fr\/wp-content\/uploads\/2026\/01\/pf-misc14-adj00948-adj-b-683x1024.jpg 683w, https:\/\/isi-securite-interieure.fr\/wp-content\/uploads\/2026\/01\/pf-misc14-adj00948-adj-b-768x1152.jpg 768w, https:\/\/isi-securite-interieure.fr\/wp-content\/uploads\/2026\/01\/pf-misc14-adj00948-adj-b-1024x1536.jpg 1024w, https:\/\/isi-securite-interieure.fr\/wp-content\/uploads\/2026\/01\/pf-misc14-adj00948-adj-b-1366x2048.jpg 1366w, https:\/\/isi-securite-interieure.fr\/wp-content\/uploads\/2026\/01\/pf-misc14-adj00948-adj-b-1200x1800.jpg 1200w, https:\/\/isi-securite-interieure.fr\/wp-content\/uploads\/2026\/01\/pf-misc14-adj00948-adj-b-1980x2969.jpg 1980w\" sizes=\"(max-width: 1707px) 100vw, 1707px\" \/><span aria-hidden=\"true\" class=\"wp-block-cover__background has-background-dim-20 has-background-dim\" style=\"background-color:#ffffff\"><\/span><div class=\"wp-block-cover__inner-container is-layout-flow wp-block-cover-is-layout-flow\">\n<div class=\"wp-block-media-text alignwide has-media-on-the-right is-stacked-on-mobile is-vertically-aligned-center is-image-fill-element\" style=\"grid-template-columns:auto 31%\"><div class=\"wp-block-media-text__content\">\n<ul class=\"wp-block-list\">\n<li class=\"has-primary-color has-text-color has-link-color wp-elements-8b01592bd4c68d8a181aee58c0173f42\"><strong>De l\u2019exp\u00e9rience de terrain aux solutions.&nbsp;<\/strong><\/li>\n\n\n\n<li class=\"has-primary-color has-text-color has-link-color wp-elements-cadc4950e26e1c44fbc246a36e0a70d4\"><strong>S\u00e9curit\u00e9 et justice, pens\u00e9es pour le r\u00e9el.&nbsp;<\/strong><\/li>\n\n\n\n<li class=\"has-primary-color has-text-color has-link-color wp-elements-be455180595b2a82144ba47df034f7fe\"><strong>R\u00e9fl\u00e9chir autrement, agir concr\u00e8tement.&nbsp;<\/strong><\/li>\n\n\n\n<li class=\"has-primary-color has-text-color has-link-color wp-elements-da56a2a0fe3d69a9d4e05fae918f1ccf\"><strong>Un pont entre le terrain et les d\u00e9cisions.&nbsp;<\/strong><\/li>\n<\/ul>\n<\/div><figure class=\"wp-block-media-text__media\"><img decoding=\"async\" width=\"1024\" height=\"1024\" src=\"https:\/\/isi-securite-interieure.fr\/wp-content\/uploads\/2025\/11\/cropped-PHOTO-2025-11-09-17-37-24.jpg\" alt=\"\" class=\"wp-image-194 size-full\" style=\"object-position:52% 55%\" srcset=\"https:\/\/isi-securite-interieure.fr\/wp-content\/uploads\/2025\/11\/cropped-PHOTO-2025-11-09-17-37-24.jpg 1024w, https:\/\/isi-securite-interieure.fr\/wp-content\/uploads\/2025\/11\/cropped-PHOTO-2025-11-09-17-37-24-300x300.jpg 300w, https:\/\/isi-securite-interieure.fr\/wp-content\/uploads\/2025\/11\/cropped-PHOTO-2025-11-09-17-37-24-150x150.jpg 150w, https:\/\/isi-securite-interieure.fr\/wp-content\/uploads\/2025\/11\/cropped-PHOTO-2025-11-09-17-37-24-768x768.jpg 768w\" sizes=\"(max-width: 1024px) 100vw, 1024px\" \/><\/figure><\/div>\n<\/div><\/div>\n\n\n\n<div class=\"wp-block-group alignfull has-background-color has-white-color has-black-background-color has-text-color has-background has-link-color wp-elements-00d719b83daa99033755b666fd38834f is-vertical is-content-justification-center is-layout-flex wp-container-core-group-is-layout-8adbaf51 wp-block-group-is-layout-flex\" style=\"min-height:40vh;margin-top:0;margin-bottom:0;padding-top:var(--wp--preset--spacing--60);padding-right:var(--wp--preset--spacing--40);padding-bottom:var(--wp--preset--spacing--60);padding-left:var(--wp--preset--spacing--40)\">\n<div class=\"wp-block-columns alignwide has-small-font-size is-layout-flex wp-container-core-columns-is-layout-9d6595d7 wp-block-columns-is-layout-flex\">\n<div class=\"wp-block-column is-layout-flow wp-block-column-is-layout-flow\">\n<figure class=\"wp-block-image size-full\"><img decoding=\"async\" width=\"1024\" height=\"1024\" src=\"https:\/\/isi-securite-interieure.fr\/wp-content\/uploads\/2025\/11\/cropped-PHOTO-2025-11-09-17-37-24.jpg\" alt=\"\" class=\"wp-image-194\" srcset=\"https:\/\/isi-securite-interieure.fr\/wp-content\/uploads\/2025\/11\/cropped-PHOTO-2025-11-09-17-37-24.jpg 1024w, https:\/\/isi-securite-interieure.fr\/wp-content\/uploads\/2025\/11\/cropped-PHOTO-2025-11-09-17-37-24-300x300.jpg 300w, https:\/\/isi-securite-interieure.fr\/wp-content\/uploads\/2025\/11\/cropped-PHOTO-2025-11-09-17-37-24-150x150.jpg 150w, https:\/\/isi-securite-interieure.fr\/wp-content\/uploads\/2025\/11\/cropped-PHOTO-2025-11-09-17-37-24-768x768.jpg 768w\" sizes=\"(max-width: 1024px) 100vw, 1024px\" \/><\/figure>\n<\/div>\n\n\n\n<div class=\"wp-block-column is-layout-flow wp-block-column-is-layout-flow\">\n<p class=\"has-text-align-center\">Pages<\/p>\n\n\n<nav class=\"has-small-font-size items-justified-center is-vertical no-wrap wp-block-navigation is-content-justification-center is-nowrap is-layout-flex wp-container-core-navigation-is-layout-685400d0 wp-block-navigation-is-layout-flex\" aria-label=\"Navigation\"><ul class=\"wp-block-navigation__container has-small-font-size items-justified-center is-vertical no-wrap wp-block-navigation has-small-font-size\"><li class=\"has-small-font-size wp-block-navigation-item wp-block-navigation-link\"><a class=\"wp-block-navigation-item__content\"  href=\"https:\/\/isi-securite-interieure.fr\/index.php\/accueil\/\"><span class=\"wp-block-navigation-item__label\">Accueil<\/span><\/a><\/li><li class=\"has-small-font-size wp-block-navigation-item wp-block-navigation-link\"><a class=\"wp-block-navigation-item__content\"  href=\"https:\/\/isi-securite-interieure.fr\/index.php\/qui-sommes-nous\/\"><span class=\"wp-block-navigation-item__label\">Qui sommes nous ?<\/span><\/a><\/li><li class=\"has-small-font-size wp-block-navigation-item wp-block-navigation-link\"><a class=\"wp-block-navigation-item__content\"  href=\"https:\/\/isi-securite-interieure.fr\/index.php\/travaux\/\"><span class=\"wp-block-navigation-item__label\">Travaux<\/span><\/a><\/li><li class=\"has-small-font-size wp-block-navigation-item wp-block-navigation-link\"><a class=\"wp-block-navigation-item__content\"  href=\"https:\/\/isi-securite-interieure.fr\/index.php\/medias\/\"><span class=\"wp-block-navigation-item__label\">Presse &amp; Tribunes<\/span><\/a><\/li><li class=\"has-small-font-size wp-block-navigation-item wp-block-navigation-link\"><a class=\"wp-block-navigation-item__content\"  href=\"https:\/\/isi-securite-interieure.fr\/index.php\/journaux\/\"><span class=\"wp-block-navigation-item__label\">M\u00e9dias<\/span><\/a><\/li><li class=\"has-small-font-size wp-block-navigation-item wp-block-navigation-link\"><a class=\"wp-block-navigation-item__content\"  href=\"https:\/\/isi-securite-interieure.fr\/index.php\/contactez-nous\/\"><span class=\"wp-block-navigation-item__label\">Contactez-nous !<\/span><\/a><\/li><li class=\"has-small-font-size wp-block-navigation-item wp-block-navigation-link\"><a class=\"wp-block-navigation-item__content\"  href=\"https:\/\/isi-securite-interieure.fr\/index.php\/97-2\/\"><span class=\"wp-block-navigation-item__label\">Mentions l\u00e9gales<\/span><\/a><\/li><\/ul><\/nav>\n\n\n<div style=\"height:24px\" aria-hidden=\"true\" class=\"wp-block-spacer\"><\/div>\n<\/div>\n\n\n\n<div class=\"wp-block-column is-layout-flow wp-block-column-is-layout-flow\">\n<p class=\"has-text-align-center\">Suivez nous<\/p>\n\n\n\n<div class=\"wp-block-group is-vertical is-content-justification-center is-layout-flex wp-container-core-group-is-layout-bdd043ae wp-block-group-is-layout-flex\">\n<p><a href=\"https:\/\/x.com\/isisecurite_int?s=11&amp;t=W8cZMrzpBgYcQ3-Vu5xGNA\">X\/Twitter<\/a><\/p>\n\n\n\n<p><a href=\"https:\/\/www.linkedin.com\/company\/isi-initiative-s%C3%A9curit%C3%A9-int%C3%A9rieure\/\">Linkedin<\/a><\/p>\n<\/div>\n\n\n\n<div style=\"height:24px\" aria-hidden=\"true\" class=\"wp-block-spacer\"><\/div>\n<\/div>\n<\/div>\n\n\n\n<div class=\"wp-block-group alignwide is-content-justification-center is-layout-flex wp-container-core-group-is-layout-5590e8cb wp-block-group-is-layout-flex\">\n<p class=\"has-text-align-center has-small-font-size\"><\/p>\n<\/div>\n<\/div>\n\n\n\n<p><\/p>\n","protected":false},"excerpt":{"rendered":"<p>Pages Suivez nous X\/Twitter Linkedin<\/p>\n","protected":false},"author":1,"featured_media":182,"parent":0,"menu_order":0,"comment_status":"closed","ping_status":"closed","template":"","meta":{"om_disable_all_campaigns":false,"footnotes":""},"class_list":["post-36","page","type-page","status-publish","has-post-thumbnail","hentry"],"yoast_head":"<!-- This site is optimized with the Yoast SEO plugin v27.3 - https:\/\/yoast.com\/product\/yoast-seo-wordpress\/ -->\n<title>Accueil - Initiative S\u00e9curit\u00e9 Interieure<\/title>\n<meta name=\"description\" content=\"Initiative S\u00e9curit\u00e9 InterieurCercle de r\u00e9flexion et d\u2019influence. Parce que la s\u00e9curit\u00e9 est la premi\u00e8re de nos libert\u00e9s.\" \/>\n<meta name=\"robots\" content=\"index, follow, max-snippet:-1, max-image-preview:large, max-video-preview:-1\" \/>\n<link rel=\"canonical\" href=\"https:\/\/isi-securite-interieure.fr\/\" \/>\n<meta property=\"og:locale\" content=\"fr_FR\" \/>\n<meta property=\"og:type\" content=\"article\" \/>\n<meta property=\"og:title\" content=\"Accueil - Initiative S\u00e9curit\u00e9 Interieure\" \/>\n<meta property=\"og:description\" content=\"Initiative S\u00e9curit\u00e9 InterieurCercle de r\u00e9flexion et d\u2019influence. Parce que la s\u00e9curit\u00e9 est la premi\u00e8re de nos libert\u00e9s.\" \/>\n<meta property=\"og:url\" content=\"https:\/\/isi-securite-interieure.fr\/\" \/>\n<meta property=\"og:site_name\" content=\"Initiative S\u00e9curit\u00e9 Interieure\" \/>\n<meta property=\"article:modified_time\" content=\"2026-01-31T16:34:43+00:00\" \/>\n<meta property=\"og:image\" content=\"https:\/\/isi-securite-interieure.fr\/wp-content\/uploads\/2025\/10\/baniere-noire-et-blanc-2-e1760869909253.png\" \/>\n\t<meta property=\"og:image:width\" content=\"2506\" \/>\n\t<meta property=\"og:image:height\" content=\"840\" \/>\n\t<meta property=\"og:image:type\" content=\"image\/png\" \/>\n<meta name=\"twitter:card\" content=\"summary_large_image\" \/>\n<meta name=\"twitter:site\" content=\"@i_s_interieure\" \/>\n<meta name=\"twitter:label1\" content=\"Dur\u00e9e de lecture estim\u00e9e\" \/>\n\t<meta name=\"twitter:data1\" content=\"1 minute\" \/>\n<script type=\"application\/ld+json\" class=\"yoast-schema-graph\">{\"@context\":\"https:\\\/\\\/schema.org\",\"@graph\":[{\"@type\":\"WebPage\",\"@id\":\"https:\\\/\\\/isi-securite-interieure.fr\\\/\",\"url\":\"https:\\\/\\\/isi-securite-interieure.fr\\\/\",\"name\":\"Accueil - Initiative S\u00e9curit\u00e9 Interieure\",\"isPartOf\":{\"@id\":\"https:\\\/\\\/isi-securite-interieure.fr\\\/#website\"},\"primaryImageOfPage\":{\"@id\":\"https:\\\/\\\/isi-securite-interieure.fr\\\/#primaryimage\"},\"image\":{\"@id\":\"https:\\\/\\\/isi-securite-interieure.fr\\\/#primaryimage\"},\"thumbnailUrl\":\"https:\\\/\\\/isi-securite-interieure.fr\\\/wp-content\\\/uploads\\\/2025\\\/10\\\/baniere-noire-et-blanc-2-e1760869909253.png\",\"datePublished\":\"2025-10-13T20:54:21+00:00\",\"dateModified\":\"2026-01-31T16:34:43+00:00\",\"description\":\"Initiative S\u00e9curit\u00e9 InterieurCercle de r\u00e9flexion et d\u2019influence. Parce que la s\u00e9curit\u00e9 est la premi\u00e8re de nos libert\u00e9s.\",\"breadcrumb\":{\"@id\":\"https:\\\/\\\/isi-securite-interieure.fr\\\/#breadcrumb\"},\"inLanguage\":\"fr-FR\",\"potentialAction\":[{\"@type\":\"ReadAction\",\"target\":[\"https:\\\/\\\/isi-securite-interieure.fr\\\/\"]}]},{\"@type\":\"ImageObject\",\"inLanguage\":\"fr-FR\",\"@id\":\"https:\\\/\\\/isi-securite-interieure.fr\\\/#primaryimage\",\"url\":\"https:\\\/\\\/isi-securite-interieure.fr\\\/wp-content\\\/uploads\\\/2025\\\/10\\\/baniere-noire-et-blanc-2-e1760869909253.png\",\"contentUrl\":\"https:\\\/\\\/isi-securite-interieure.fr\\\/wp-content\\\/uploads\\\/2025\\\/10\\\/baniere-noire-et-blanc-2-e1760869909253.png\",\"width\":2506,\"height\":840},{\"@type\":\"BreadcrumbList\",\"@id\":\"https:\\\/\\\/isi-securite-interieure.fr\\\/#breadcrumb\",\"itemListElement\":[{\"@type\":\"ListItem\",\"position\":1,\"name\":\"Accueil\",\"item\":\"https:\\\/\\\/isi-securite-interieure.fr\\\/\"},{\"@type\":\"ListItem\",\"position\":2,\"name\":\"Accueil\"}]},{\"@type\":\"WebSite\",\"@id\":\"https:\\\/\\\/isi-securite-interieure.fr\\\/#website\",\"url\":\"https:\\\/\\\/isi-securite-interieure.fr\\\/\",\"name\":\"Initiative S\u00e9curit\u00e9 Interieur\",\"description\":\"Cercle de r\u00e9flexion et d\u2019influence.  Parce que la s\u00e9curit\u00e9 est la premi\u00e8re de nos libert\u00e9s.\",\"publisher\":{\"@id\":\"https:\\\/\\\/isi-securite-interieure.fr\\\/#organization\"},\"potentialAction\":[{\"@type\":\"SearchAction\",\"target\":{\"@type\":\"EntryPoint\",\"urlTemplate\":\"https:\\\/\\\/isi-securite-interieure.fr\\\/?s={search_term_string}\"},\"query-input\":{\"@type\":\"PropertyValueSpecification\",\"valueRequired\":true,\"valueName\":\"search_term_string\"}}],\"inLanguage\":\"fr-FR\"},{\"@type\":\"Organization\",\"@id\":\"https:\\\/\\\/isi-securite-interieure.fr\\\/#organization\",\"name\":\"Initiative S\u00e9curit\u00e9 Interieur\",\"url\":\"https:\\\/\\\/isi-securite-interieure.fr\\\/\",\"logo\":{\"@type\":\"ImageObject\",\"inLanguage\":\"fr-FR\",\"@id\":\"https:\\\/\\\/isi-securite-interieure.fr\\\/#\\\/schema\\\/logo\\\/image\\\/\",\"url\":\"https:\\\/\\\/isi-securite-interieure.fr\\\/wp-content\\\/uploads\\\/2025\\\/11\\\/cropped-cropped-PHOTO-2025-11-09-17-37-24.jpg\",\"contentUrl\":\"https:\\\/\\\/isi-securite-interieure.fr\\\/wp-content\\\/uploads\\\/2025\\\/11\\\/cropped-cropped-PHOTO-2025-11-09-17-37-24.jpg\",\"width\":512,\"height\":512,\"caption\":\"Initiative S\u00e9curit\u00e9 Interieur\"},\"image\":{\"@id\":\"https:\\\/\\\/isi-securite-interieure.fr\\\/#\\\/schema\\\/logo\\\/image\\\/\"},\"sameAs\":[\"https:\\\/\\\/x.com\\\/i_s_interieure\"]}]}<\/script>\n<!-- \/ Yoast SEO plugin. -->","yoast_head_json":{"title":"Accueil - Initiative S\u00e9curit\u00e9 Interieure","description":"Initiative S\u00e9curit\u00e9 InterieurCercle de r\u00e9flexion et d\u2019influence. Parce que la s\u00e9curit\u00e9 est la premi\u00e8re de nos libert\u00e9s.","robots":{"index":"index","follow":"follow","max-snippet":"max-snippet:-1","max-image-preview":"max-image-preview:large","max-video-preview":"max-video-preview:-1"},"canonical":"https:\/\/isi-securite-interieure.fr\/","og_locale":"fr_FR","og_type":"article","og_title":"Accueil - Initiative S\u00e9curit\u00e9 Interieure","og_description":"Initiative S\u00e9curit\u00e9 InterieurCercle de r\u00e9flexion et d\u2019influence. Parce que la s\u00e9curit\u00e9 est la premi\u00e8re de nos libert\u00e9s.","og_url":"https:\/\/isi-securite-interieure.fr\/","og_site_name":"Initiative S\u00e9curit\u00e9 Interieure","article_modified_time":"2026-01-31T16:34:43+00:00","og_image":[{"width":2506,"height":840,"url":"https:\/\/isi-securite-interieure.fr\/wp-content\/uploads\/2025\/10\/baniere-noire-et-blanc-2-e1760869909253.png","type":"image\/png"}],"twitter_card":"summary_large_image","twitter_site":"@i_s_interieure","twitter_misc":{"Dur\u00e9e de lecture estim\u00e9e":"1 minute"},"schema":{"@context":"https:\/\/schema.org","@graph":[{"@type":"WebPage","@id":"https:\/\/isi-securite-interieure.fr\/","url":"https:\/\/isi-securite-interieure.fr\/","name":"Accueil - Initiative S\u00e9curit\u00e9 Interieure","isPartOf":{"@id":"https:\/\/isi-securite-interieure.fr\/#website"},"primaryImageOfPage":{"@id":"https:\/\/isi-securite-interieure.fr\/#primaryimage"},"image":{"@id":"https:\/\/isi-securite-interieure.fr\/#primaryimage"},"thumbnailUrl":"https:\/\/isi-securite-interieure.fr\/wp-content\/uploads\/2025\/10\/baniere-noire-et-blanc-2-e1760869909253.png","datePublished":"2025-10-13T20:54:21+00:00","dateModified":"2026-01-31T16:34:43+00:00","description":"Initiative S\u00e9curit\u00e9 InterieurCercle de r\u00e9flexion et d\u2019influence. Parce que la s\u00e9curit\u00e9 est la premi\u00e8re de nos libert\u00e9s.","breadcrumb":{"@id":"https:\/\/isi-securite-interieure.fr\/#breadcrumb"},"inLanguage":"fr-FR","potentialAction":[{"@type":"ReadAction","target":["https:\/\/isi-securite-interieure.fr\/"]}]},{"@type":"ImageObject","inLanguage":"fr-FR","@id":"https:\/\/isi-securite-interieure.fr\/#primaryimage","url":"https:\/\/isi-securite-interieure.fr\/wp-content\/uploads\/2025\/10\/baniere-noire-et-blanc-2-e1760869909253.png","contentUrl":"https:\/\/isi-securite-interieure.fr\/wp-content\/uploads\/2025\/10\/baniere-noire-et-blanc-2-e1760869909253.png","width":2506,"height":840},{"@type":"BreadcrumbList","@id":"https:\/\/isi-securite-interieure.fr\/#breadcrumb","itemListElement":[{"@type":"ListItem","position":1,"name":"Accueil","item":"https:\/\/isi-securite-interieure.fr\/"},{"@type":"ListItem","position":2,"name":"Accueil"}]},{"@type":"WebSite","@id":"https:\/\/isi-securite-interieure.fr\/#website","url":"https:\/\/isi-securite-interieure.fr\/","name":"Initiative S\u00e9curit\u00e9 Interieur","description":"Cercle de r\u00e9flexion et d\u2019influence.  Parce que la s\u00e9curit\u00e9 est la premi\u00e8re de nos libert\u00e9s.","publisher":{"@id":"https:\/\/isi-securite-interieure.fr\/#organization"},"potentialAction":[{"@type":"SearchAction","target":{"@type":"EntryPoint","urlTemplate":"https:\/\/isi-securite-interieure.fr\/?s={search_term_string}"},"query-input":{"@type":"PropertyValueSpecification","valueRequired":true,"valueName":"search_term_string"}}],"inLanguage":"fr-FR"},{"@type":"Organization","@id":"https:\/\/isi-securite-interieure.fr\/#organization","name":"Initiative S\u00e9curit\u00e9 Interieur","url":"https:\/\/isi-securite-interieure.fr\/","logo":{"@type":"ImageObject","inLanguage":"fr-FR","@id":"https:\/\/isi-securite-interieure.fr\/#\/schema\/logo\/image\/","url":"https:\/\/isi-securite-interieure.fr\/wp-content\/uploads\/2025\/11\/cropped-cropped-PHOTO-2025-11-09-17-37-24.jpg","contentUrl":"https:\/\/isi-securite-interieure.fr\/wp-content\/uploads\/2025\/11\/cropped-cropped-PHOTO-2025-11-09-17-37-24.jpg","width":512,"height":512,"caption":"Initiative S\u00e9curit\u00e9 Interieur"},"image":{"@id":"https:\/\/isi-securite-interieure.fr\/#\/schema\/logo\/image\/"},"sameAs":["https:\/\/x.com\/i_s_interieure"]}]}},"_links":{"self":[{"href":"https:\/\/isi-securite-interieure.fr\/index.php\/wp-json\/wp\/v2\/pages\/36","targetHints":{"allow":["GET"]}}],"collection":[{"href":"https:\/\/isi-securite-interieure.fr\/index.php\/wp-json\/wp\/v2\/pages"}],"about":[{"href":"https:\/\/isi-securite-interieure.fr\/index.php\/wp-json\/wp\/v2\/types\/page"}],"author":[{"embeddable":true,"href":"https:\/\/isi-securite-interieure.fr\/index.php\/wp-json\/wp\/v2\/users\/1"}],"replies":[{"embeddable":true,"href":"https:\/\/isi-securite-interieure.fr\/index.php\/wp-json\/wp\/v2\/comments?post=36"}],"version-history":[{"count":22,"href":"https:\/\/isi-securite-interieure.fr\/index.php\/wp-json\/wp\/v2\/pages\/36\/revisions"}],"predecessor-version":[{"id":291,"href":"https:\/\/isi-securite-interieure.fr\/index.php\/wp-json\/wp\/v2\/pages\/36\/revisions\/291"}],"wp:featuredmedia":[{"embeddable":true,"href":"https:\/\/isi-securite-interieure.fr\/index.php\/wp-json\/wp\/v2\/media\/182"}],"wp:attachment":[{"href":"https:\/\/isi-securite-interieure.fr\/index.php\/wp-json\/wp\/v2\/media?parent=36"}],"curies":[{"name":"wp","href":"https:\/\/api.w.org\/{rel}","templated":true}]}}