{"id":171,"date":"2025-10-18T18:52:21","date_gmt":"2025-10-18T18:52:21","guid":{"rendered":"https:\/\/isi-securite-interieure.fr\/?page_id=171"},"modified":"2026-02-22T16:24:21","modified_gmt":"2026-02-22T16:24:21","slug":"travaux","status":"publish","type":"page","link":"https:\/\/isi-securite-interieure.fr\/index.php\/travaux\/","title":{"rendered":"Travaux"},"content":{"rendered":"\n<div data-wp-interactive=\"core\/file\" class=\"wp-block-file\"><object data-wp-bind--hidden=\"!state.hasPdfPreview\" hidden class=\"wp-block-file__embed\" data=\"https:\/\/isi-securite-interieure.fr\/wp-content\/uploads\/2026\/02\/Rapport-tres-ou-ultra-courtes-peines.pdf\" type=\"application\/pdf\" style=\"width:100%;height:600px\" aria-label=\"Contenu embarqu\u00e9 Rapport tr\u00e8s ou ultra courtes peines.\"><\/object><a id=\"wp-block-file--media-8c1c7cbd-61cd-4aa6-b834-2f74967f33b7\" href=\"https:\/\/isi-securite-interieure.fr\/wp-content\/uploads\/2026\/02\/Rapport-tres-ou-ultra-courtes-peines.pdf\">Rapport tr\u00e8s ou ultra courtes peines<\/a><a href=\"https:\/\/isi-securite-interieure.fr\/wp-content\/uploads\/2026\/02\/Rapport-tres-ou-ultra-courtes-peines.pdf\" class=\"wp-block-file__button wp-element-button\" download aria-describedby=\"wp-block-file--media-8c1c7cbd-61cd-4aa6-b834-2f74967f33b7\">T\u00e9l\u00e9charger<\/a><\/div>\n\n\n\n<p><\/p>\n","protected":false},"excerpt":{"rendered":"","protected":false},"author":1,"featured_media":0,"parent":0,"menu_order":0,"comment_status":"closed","ping_status":"closed","template":"","meta":{"om_disable_all_campaigns":false,"footnotes":""},"class_list":["post-171","page","type-page","status-publish","hentry"],"yoast_head":"<!-- This site is optimized with the Yoast SEO plugin v27.3 - https:\/\/yoast.com\/product\/yoast-seo-wordpress\/ -->\n<title>Travaux - Initiative S\u00e9curit\u00e9 Interieure<\/title>\n<meta name=\"robots\" content=\"index, follow, max-snippet:-1, max-image-preview:large, max-video-preview:-1\" \/>\n<link rel=\"canonical\" href=\"https:\/\/isi-securite-interieure.fr\/index.php\/travaux\/\" \/>\n<meta property=\"og:locale\" content=\"fr_FR\" \/>\n<meta property=\"og:type\" content=\"article\" \/>\n<meta property=\"og:title\" content=\"Travaux - Initiative S\u00e9curit\u00e9 Interieure\" \/>\n<meta property=\"og:url\" content=\"https:\/\/isi-securite-interieure.fr\/index.php\/travaux\/\" \/>\n<meta property=\"og:site_name\" content=\"Initiative S\u00e9curit\u00e9 Interieure\" \/>\n<meta property=\"article:modified_time\" content=\"2026-02-22T16:24:21+00:00\" \/>\n<meta name=\"twitter:card\" content=\"summary_large_image\" \/>\n<meta name=\"twitter:site\" content=\"@i_s_interieure\" \/>\n<meta name=\"twitter:label1\" content=\"Dur\u00e9e de lecture estim\u00e9e\" \/>\n\t<meta name=\"twitter:data1\" content=\"1 minute\" \/>\n<script type=\"application\/ld+json\" class=\"yoast-schema-graph\">{\"@context\":\"https:\\\/\\\/schema.org\",\"@graph\":[{\"@type\":\"WebPage\",\"@id\":\"https:\\\/\\\/isi-securite-interieure.fr\\\/index.php\\\/travaux\\\/\",\"url\":\"https:\\\/\\\/isi-securite-interieure.fr\\\/index.php\\\/travaux\\\/\",\"name\":\"Travaux - Initiative S\u00e9curit\u00e9 Interieure\",\"isPartOf\":{\"@id\":\"https:\\\/\\\/isi-securite-interieure.fr\\\/#website\"},\"datePublished\":\"2025-10-18T18:52:21+00:00\",\"dateModified\":\"2026-02-22T16:24:21+00:00\",\"breadcrumb\":{\"@id\":\"https:\\\/\\\/isi-securite-interieure.fr\\\/index.php\\\/travaux\\\/#breadcrumb\"},\"inLanguage\":\"fr-FR\",\"potentialAction\":[{\"@type\":\"ReadAction\",\"target\":[\"https:\\\/\\\/isi-securite-interieure.fr\\\/index.php\\\/travaux\\\/\"]}]},{\"@type\":\"BreadcrumbList\",\"@id\":\"https:\\\/\\\/isi-securite-interieure.fr\\\/index.php\\\/travaux\\\/#breadcrumb\",\"itemListElement\":[{\"@type\":\"ListItem\",\"position\":1,\"name\":\"Accueil\",\"item\":\"https:\\\/\\\/isi-securite-interieure.fr\\\/\"},{\"@type\":\"ListItem\",\"position\":2,\"name\":\"Travaux\"}]},{\"@type\":\"WebSite\",\"@id\":\"https:\\\/\\\/isi-securite-interieure.fr\\\/#website\",\"url\":\"https:\\\/\\\/isi-securite-interieure.fr\\\/\",\"name\":\"Initiative S\u00e9curit\u00e9 Interieur\",\"description\":\"Cercle de r\u00e9flexion et d\u2019influence.  Parce que la s\u00e9curit\u00e9 est la premi\u00e8re de nos libert\u00e9s.\",\"publisher\":{\"@id\":\"https:\\\/\\\/isi-securite-interieure.fr\\\/#organization\"},\"potentialAction\":[{\"@type\":\"SearchAction\",\"target\":{\"@type\":\"EntryPoint\",\"urlTemplate\":\"https:\\\/\\\/isi-securite-interieure.fr\\\/?s={search_term_string}\"},\"query-input\":{\"@type\":\"PropertyValueSpecification\",\"valueRequired\":true,\"valueName\":\"search_term_string\"}}],\"inLanguage\":\"fr-FR\"},{\"@type\":\"Organization\",\"@id\":\"https:\\\/\\\/isi-securite-interieure.fr\\\/#organization\",\"name\":\"Initiative S\u00e9curit\u00e9 Interieur\",\"url\":\"https:\\\/\\\/isi-securite-interieure.fr\\\/\",\"logo\":{\"@type\":\"ImageObject\",\"inLanguage\":\"fr-FR\",\"@id\":\"https:\\\/\\\/isi-securite-interieure.fr\\\/#\\\/schema\\\/logo\\\/image\\\/\",\"url\":\"https:\\\/\\\/isi-securite-interieure.fr\\\/wp-content\\\/uploads\\\/2025\\\/11\\\/cropped-cropped-PHOTO-2025-11-09-17-37-24.jpg\",\"contentUrl\":\"https:\\\/\\\/isi-securite-interieure.fr\\\/wp-content\\\/uploads\\\/2025\\\/11\\\/cropped-cropped-PHOTO-2025-11-09-17-37-24.jpg\",\"width\":512,\"height\":512,\"caption\":\"Initiative S\u00e9curit\u00e9 Interieur\"},\"image\":{\"@id\":\"https:\\\/\\\/isi-securite-interieure.fr\\\/#\\\/schema\\\/logo\\\/image\\\/\"},\"sameAs\":[\"https:\\\/\\\/x.com\\\/i_s_interieure\"]}]}<\/script>\n<!-- \/ Yoast SEO plugin. -->","yoast_head_json":{"title":"Travaux - Initiative S\u00e9curit\u00e9 Interieure","robots":{"index":"index","follow":"follow","max-snippet":"max-snippet:-1","max-image-preview":"max-image-preview:large","max-video-preview":"max-video-preview:-1"},"canonical":"https:\/\/isi-securite-interieure.fr\/index.php\/travaux\/","og_locale":"fr_FR","og_type":"article","og_title":"Travaux - Initiative S\u00e9curit\u00e9 Interieure","og_url":"https:\/\/isi-securite-interieure.fr\/index.php\/travaux\/","og_site_name":"Initiative S\u00e9curit\u00e9 Interieure","article_modified_time":"2026-02-22T16:24:21+00:00","twitter_card":"summary_large_image","twitter_site":"@i_s_interieure","twitter_misc":{"Dur\u00e9e de lecture estim\u00e9e":"1 minute"},"schema":{"@context":"https:\/\/schema.org","@graph":[{"@type":"WebPage","@id":"https:\/\/isi-securite-interieure.fr\/index.php\/travaux\/","url":"https:\/\/isi-securite-interieure.fr\/index.php\/travaux\/","name":"Travaux - Initiative S\u00e9curit\u00e9 Interieure","isPartOf":{"@id":"https:\/\/isi-securite-interieure.fr\/#website"},"datePublished":"2025-10-18T18:52:21+00:00","dateModified":"2026-02-22T16:24:21+00:00","breadcrumb":{"@id":"https:\/\/isi-securite-interieure.fr\/index.php\/travaux\/#breadcrumb"},"inLanguage":"fr-FR","potentialAction":[{"@type":"ReadAction","target":["https:\/\/isi-securite-interieure.fr\/index.php\/travaux\/"]}]},{"@type":"BreadcrumbList","@id":"https:\/\/isi-securite-interieure.fr\/index.php\/travaux\/#breadcrumb","itemListElement":[{"@type":"ListItem","position":1,"name":"Accueil","item":"https:\/\/isi-securite-interieure.fr\/"},{"@type":"ListItem","position":2,"name":"Travaux"}]},{"@type":"WebSite","@id":"https:\/\/isi-securite-interieure.fr\/#website","url":"https:\/\/isi-securite-interieure.fr\/","name":"Initiative S\u00e9curit\u00e9 Interieur","description":"Cercle de r\u00e9flexion et d\u2019influence.  Parce que la s\u00e9curit\u00e9 est la premi\u00e8re de nos libert\u00e9s.","publisher":{"@id":"https:\/\/isi-securite-interieure.fr\/#organization"},"potentialAction":[{"@type":"SearchAction","target":{"@type":"EntryPoint","urlTemplate":"https:\/\/isi-securite-interieure.fr\/?s={search_term_string}"},"query-input":{"@type":"PropertyValueSpecification","valueRequired":true,"valueName":"search_term_string"}}],"inLanguage":"fr-FR"},{"@type":"Organization","@id":"https:\/\/isi-securite-interieure.fr\/#organization","name":"Initiative S\u00e9curit\u00e9 Interieur","url":"https:\/\/isi-securite-interieure.fr\/","logo":{"@type":"ImageObject","inLanguage":"fr-FR","@id":"https:\/\/isi-securite-interieure.fr\/#\/schema\/logo\/image\/","url":"https:\/\/isi-securite-interieure.fr\/wp-content\/uploads\/2025\/11\/cropped-cropped-PHOTO-2025-11-09-17-37-24.jpg","contentUrl":"https:\/\/isi-securite-interieure.fr\/wp-content\/uploads\/2025\/11\/cropped-cropped-PHOTO-2025-11-09-17-37-24.jpg","width":512,"height":512,"caption":"Initiative S\u00e9curit\u00e9 Interieur"},"image":{"@id":"https:\/\/isi-securite-interieure.fr\/#\/schema\/logo\/image\/"},"sameAs":["https:\/\/x.com\/i_s_interieure"]}]}},"_links":{"self":[{"href":"https:\/\/isi-securite-interieure.fr\/index.php\/wp-json\/wp\/v2\/pages\/171","targetHints":{"allow":["GET"]}}],"collection":[{"href":"https:\/\/isi-securite-interieure.fr\/index.php\/wp-json\/wp\/v2\/pages"}],"about":[{"href":"https:\/\/isi-securite-interieure.fr\/index.php\/wp-json\/wp\/v2\/types\/page"}],"author":[{"embeddable":true,"href":"https:\/\/isi-securite-interieure.fr\/index.php\/wp-json\/wp\/v2\/users\/1"}],"replies":[{"embeddable":true,"href":"https:\/\/isi-securite-interieure.fr\/index.php\/wp-json\/wp\/v2\/comments?post=171"}],"version-history":[{"count":2,"href":"https:\/\/isi-securite-interieure.fr\/index.php\/wp-json\/wp\/v2\/pages\/171\/revisions"}],"predecessor-version":[{"id":298,"href":"https:\/\/isi-securite-interieure.fr\/index.php\/wp-json\/wp\/v2\/pages\/171\/revisions\/298"}],"wp:attachment":[{"href":"https:\/\/isi-securite-interieure.fr\/index.php\/wp-json\/wp\/v2\/media?parent=171"}],"curies":[{"name":"wp","href":"https:\/\/api.w.org\/{rel}","templated":true}]}}