{"id":123,"date":"2025-10-14T14:19:05","date_gmt":"2025-10-14T14:19:05","guid":{"rendered":"https:\/\/isi-securite-interieure.fr\/?page_id=123"},"modified":"2026-01-31T16:37:21","modified_gmt":"2026-01-31T16:37:21","slug":"contactez-nous","status":"publish","type":"page","link":"https:\/\/isi-securite-interieure.fr\/index.php\/contactez-nous\/","title":{"rendered":"Contactez-nous"},"content":{"rendered":"\n<div class=\"wp-block-contact-form-7-contact-form-selector\">\n<div class=\"wpcf7 no-js\" id=\"wpcf7-f121-o1\" lang=\"fr-FR\" dir=\"ltr\" data-wpcf7-id=\"121\">\n<div class=\"screen-reader-response\"><p role=\"status\" aria-live=\"polite\" aria-atomic=\"true\"><\/p> <ul><\/ul><\/div>\n<form action=\"\/index.php\/wp-json\/wp\/v2\/pages\/123#wpcf7-f121-o1\" method=\"post\" class=\"wpcf7-form init\" aria-label=\"Formulaire de contact\" novalidate=\"novalidate\" data-status=\"init\">\n<fieldset class=\"hidden-fields-container\"><input type=\"hidden\" name=\"_wpcf7\" value=\"121\" \/><input type=\"hidden\" name=\"_wpcf7_version\" value=\"6.1.5\" \/><input type=\"hidden\" name=\"_wpcf7_locale\" value=\"fr_FR\" \/><input type=\"hidden\" name=\"_wpcf7_unit_tag\" value=\"wpcf7-f121-o1\" \/><input type=\"hidden\" name=\"_wpcf7_container_post\" value=\"0\" \/><input type=\"hidden\" name=\"_wpcf7_posted_data_hash\" value=\"\" \/>\n<\/fieldset>\n<p><label> NOM Pr\u00e9nom<br \/>\n<span class=\"wpcf7-form-control-wrap\" data-name=\"your-name\"><input size=\"40\" maxlength=\"400\" class=\"wpcf7-form-control wpcf7-text wpcf7-validates-as-required\" autocomplete=\"name\" aria-required=\"true\" aria-invalid=\"false\" value=\"\" type=\"text\" name=\"your-name\" \/><\/span> <\/label>\n<\/p>\n<p><label> Email<br \/>\n<span class=\"wpcf7-form-control-wrap\" data-name=\"your-email\"><input size=\"40\" maxlength=\"400\" class=\"wpcf7-form-control wpcf7-email wpcf7-validates-as-required wpcf7-text wpcf7-validates-as-email\" autocomplete=\"email\" aria-required=\"true\" aria-invalid=\"false\" value=\"\" type=\"email\" name=\"your-email\" \/><\/span> <\/label>\n<\/p>\n<p><label> Objet<br \/>\n<span class=\"wpcf7-form-control-wrap\" data-name=\"your-subject\"><input size=\"40\" maxlength=\"400\" class=\"wpcf7-form-control wpcf7-text wpcf7-validates-as-required\" aria-required=\"true\" aria-invalid=\"false\" value=\"\" type=\"text\" name=\"your-subject\" \/><\/span> <\/label>\n<\/p>\n<p><label> Votre message<br \/>\n<span class=\"wpcf7-form-control-wrap\" data-name=\"your-message\"><textarea cols=\"40\" rows=\"10\" maxlength=\"2000\" class=\"wpcf7-form-control wpcf7-textarea\" aria-invalid=\"false\" name=\"your-message\"><\/textarea><\/span> <\/label>\n<\/p>\n<p><input class=\"wpcf7-form-control wpcf7-submit has-spinner\" type=\"submit\" value=\"Envoyer\" \/>\n<\/p><p style=\"display: none !important;\" class=\"akismet-fields-container\" data-prefix=\"_wpcf7_ak_\"><label>&#916;<textarea name=\"_wpcf7_ak_hp_textarea\" cols=\"45\" rows=\"8\" maxlength=\"100\"><\/textarea><\/label><input type=\"hidden\" id=\"ak_js_1\" name=\"_wpcf7_ak_js\" value=\"106\"\/><script>document.getElementById( \"ak_js_1\" ).setAttribute( \"value\", ( new Date() ).getTime() );<\/script><\/p><div class=\"wpcf7-response-output\" aria-hidden=\"true\"><\/div>\n<\/form>\n<\/div>\n<\/div>\n\n\n\n<div class=\"wp-block-group alignfull has-background-color has-white-color has-black-background-color has-text-color has-background has-link-color wp-elements-dff47e06e732ebce6653ffa88dc42db7 is-vertical is-content-justification-stretch is-layout-flex wp-container-core-group-is-layout-47eb2bc5 wp-block-group-is-layout-flex\" style=\"min-height:40vh;margin-top:0;margin-bottom:0;padding-top:var(--wp--preset--spacing--60);padding-right:var(--wp--preset--spacing--40);padding-bottom:var(--wp--preset--spacing--60);padding-left:var(--wp--preset--spacing--40)\">\n<div class=\"wp-block-columns alignwide has-small-font-size is-layout-flex wp-container-core-columns-is-layout-9d6595d7 wp-block-columns-is-layout-flex\">\n<div class=\"wp-block-column is-layout-flow wp-block-column-is-layout-flow\">\n<div style=\"height:24px\" aria-hidden=\"true\" class=\"wp-block-spacer\"><\/div>\n\n\n\n<p class=\"has-text-align-center\"><\/p>\n\n\n\n<figure class=\"wp-block-image size-full\"><img fetchpriority=\"high\" decoding=\"async\" width=\"1024\" height=\"1024\" src=\"https:\/\/isi-securite-interieure.fr\/wp-content\/uploads\/2025\/10\/PHOTO-2025-09-10-23-18-26.jpg\" alt=\"\" class=\"wp-image-143\" srcset=\"https:\/\/isi-securite-interieure.fr\/wp-content\/uploads\/2025\/10\/PHOTO-2025-09-10-23-18-26.jpg 1024w, https:\/\/isi-securite-interieure.fr\/wp-content\/uploads\/2025\/10\/PHOTO-2025-09-10-23-18-26-300x300.jpg 300w, https:\/\/isi-securite-interieure.fr\/wp-content\/uploads\/2025\/10\/PHOTO-2025-09-10-23-18-26-150x150.jpg 150w, https:\/\/isi-securite-interieure.fr\/wp-content\/uploads\/2025\/10\/PHOTO-2025-09-10-23-18-26-768x768.jpg 768w\" sizes=\"(max-width: 1024px) 100vw, 1024px\" \/><\/figure>\n<\/div>\n\n\n\n<div class=\"wp-block-column is-layout-flow wp-block-column-is-layout-flow\">\n<p class=\"has-text-align-center\">Pages<\/p>\n\n\n<nav class=\"has-small-font-size items-justified-center is-vertical no-wrap wp-block-navigation is-content-justification-center is-nowrap is-layout-flex wp-container-core-navigation-is-layout-685400d0 wp-block-navigation-is-layout-flex\" aria-label=\"Navigation\"><ul class=\"wp-block-navigation__container has-small-font-size items-justified-center is-vertical no-wrap wp-block-navigation has-small-font-size\"><li class=\"has-small-font-size wp-block-navigation-item wp-block-navigation-link\"><a class=\"wp-block-navigation-item__content\"  href=\"https:\/\/isi-securite-interieure.fr\/index.php\/accueil\/\"><span class=\"wp-block-navigation-item__label\">Accueil<\/span><\/a><\/li><li class=\"has-small-font-size wp-block-navigation-item wp-block-navigation-link\"><a class=\"wp-block-navigation-item__content\"  href=\"https:\/\/isi-securite-interieure.fr\/index.php\/qui-sommes-nous\/\"><span class=\"wp-block-navigation-item__label\">Qui sommes nous ?<\/span><\/a><\/li><li class=\"has-small-font-size wp-block-navigation-item wp-block-navigation-link\"><a class=\"wp-block-navigation-item__content\"  href=\"https:\/\/isi-securite-interieure.fr\/index.php\/travaux\/\"><span class=\"wp-block-navigation-item__label\">Travaux<\/span><\/a><\/li><li class=\"has-small-font-size wp-block-navigation-item wp-block-navigation-link\"><a class=\"wp-block-navigation-item__content\"  href=\"https:\/\/isi-securite-interieure.fr\/index.php\/medias\/\"><span class=\"wp-block-navigation-item__label\">Presse &amp; Tribunes<\/span><\/a><\/li><li class=\"has-small-font-size wp-block-navigation-item wp-block-navigation-link\"><a class=\"wp-block-navigation-item__content\"  href=\"https:\/\/isi-securite-interieure.fr\/index.php\/journaux\/\"><span class=\"wp-block-navigation-item__label\">M\u00e9dias<\/span><\/a><\/li><li class=\"has-small-font-size wp-block-navigation-item wp-block-navigation-link\"><a class=\"wp-block-navigation-item__content\"  href=\"https:\/\/isi-securite-interieure.fr\/index.php\/contactez-nous\/\"><span class=\"wp-block-navigation-item__label\">Contactez-nous !<\/span><\/a><\/li><li class=\"has-small-font-size wp-block-navigation-item wp-block-navigation-link\"><a class=\"wp-block-navigation-item__content\"  href=\"https:\/\/isi-securite-interieure.fr\/index.php\/97-2\/\"><span class=\"wp-block-navigation-item__label\">Mentions l\u00e9gales<\/span><\/a><\/li><\/ul><\/nav>\n\n\n<div style=\"height:24px\" aria-hidden=\"true\" class=\"wp-block-spacer\"><\/div>\n<\/div>\n\n\n\n<div class=\"wp-block-column is-layout-flow wp-block-column-is-layout-flow\">\n<p class=\"has-text-align-center\">Suivez nous<\/p>\n\n\n\n<div class=\"wp-block-group is-vertical is-content-justification-center is-layout-flex wp-container-core-group-is-layout-bdd043ae wp-block-group-is-layout-flex\">\n<p><a href=\"https:\/\/x.com\/isisecurite_int?s=11&amp;t=W8cZMrzpBgYcQ3-Vu5xGNA\">X\/Twitter<\/a><\/p>\n\n\n\n<p><a href=\"#\">Linkedin<\/a><\/p>\n\n\n\n<p><\/p>\n<\/div>\n\n\n\n<div style=\"height:24px\" aria-hidden=\"true\" class=\"wp-block-spacer\"><\/div>\n<\/div>\n<\/div>\n\n\n\n<div class=\"wp-block-group alignwide is-content-justification-center is-layout-flex wp-container-core-group-is-layout-5590e8cb wp-block-group-is-layout-flex\">\n<p class=\"has-text-align-center has-small-font-size\"><\/p>\n<\/div>\n<\/div>\n\n\n\n<p><\/p>\n","protected":false},"excerpt":{"rendered":"<p>Pages Suivez nous X\/Twitter Linkedin<\/p>\n","protected":false},"author":1,"featured_media":0,"parent":0,"menu_order":0,"comment_status":"closed","ping_status":"closed","template":"","meta":{"om_disable_all_campaigns":false,"footnotes":""},"class_list":["post-123","page","type-page","status-publish","hentry"],"yoast_head":"<!-- This site is optimized with the Yoast SEO plugin v27.3 - https:\/\/yoast.com\/product\/yoast-seo-wordpress\/ -->\n<title>Contactez-nous - Initiative S\u00e9curit\u00e9 Interieure<\/title>\n<meta name=\"description\" content=\"Cercle de r\u00e9flexion et d\u2019influence. Parce que la s\u00e9curit\u00e9 est la premi\u00e8re de nos libert\u00e9s.\" \/>\n<meta name=\"robots\" content=\"index, follow, max-snippet:-1, max-image-preview:large, max-video-preview:-1\" \/>\n<link rel=\"canonical\" href=\"https:\/\/isi-securite-interieure.fr\/index.php\/contactez-nous\/\" \/>\n<meta property=\"og:locale\" content=\"fr_FR\" \/>\n<meta property=\"og:type\" content=\"article\" \/>\n<meta property=\"og:title\" content=\"Contactez-nous - Initiative S\u00e9curit\u00e9 Interieure\" \/>\n<meta property=\"og:description\" content=\"Cercle de r\u00e9flexion et d\u2019influence. Parce que la s\u00e9curit\u00e9 est la premi\u00e8re de nos libert\u00e9s.\" \/>\n<meta property=\"og:url\" content=\"https:\/\/isi-securite-interieure.fr\/index.php\/contactez-nous\/\" \/>\n<meta property=\"og:site_name\" content=\"Initiative S\u00e9curit\u00e9 Interieure\" \/>\n<meta property=\"article:modified_time\" content=\"2026-01-31T16:37:21+00:00\" \/>\n<meta property=\"og:image\" content=\"https:\/\/isi-securite-interieure.fr\/wp-content\/uploads\/2025\/10\/PHOTO-2025-09-10-23-18-26.jpg\" \/>\n\t<meta property=\"og:image:width\" content=\"1024\" \/>\n\t<meta property=\"og:image:height\" content=\"1024\" \/>\n\t<meta property=\"og:image:type\" content=\"image\/jpeg\" \/>\n<meta name=\"twitter:card\" content=\"summary_large_image\" \/>\n<meta name=\"twitter:site\" content=\"@i_s_interieure\" \/>\n<meta name=\"twitter:label1\" content=\"Dur\u00e9e de lecture estim\u00e9e\" \/>\n\t<meta name=\"twitter:data1\" content=\"1 minute\" \/>\n<script type=\"application\/ld+json\" class=\"yoast-schema-graph\">{\"@context\":\"https:\\\/\\\/schema.org\",\"@graph\":[{\"@type\":\"WebPage\",\"@id\":\"https:\\\/\\\/isi-securite-interieure.fr\\\/index.php\\\/contactez-nous\\\/\",\"url\":\"https:\\\/\\\/isi-securite-interieure.fr\\\/index.php\\\/contactez-nous\\\/\",\"name\":\"Contactez-nous - Initiative S\u00e9curit\u00e9 Interieure\",\"isPartOf\":{\"@id\":\"https:\\\/\\\/isi-securite-interieure.fr\\\/#website\"},\"primaryImageOfPage\":{\"@id\":\"https:\\\/\\\/isi-securite-interieure.fr\\\/index.php\\\/contactez-nous\\\/#primaryimage\"},\"image\":{\"@id\":\"https:\\\/\\\/isi-securite-interieure.fr\\\/index.php\\\/contactez-nous\\\/#primaryimage\"},\"thumbnailUrl\":\"https:\\\/\\\/isi-securite-interieure.fr\\\/wp-content\\\/uploads\\\/2025\\\/10\\\/PHOTO-2025-09-10-23-18-26.jpg\",\"datePublished\":\"2025-10-14T14:19:05+00:00\",\"dateModified\":\"2026-01-31T16:37:21+00:00\",\"description\":\"Cercle de r\u00e9flexion et d\u2019influence. Parce que la s\u00e9curit\u00e9 est la premi\u00e8re de nos libert\u00e9s.\",\"breadcrumb\":{\"@id\":\"https:\\\/\\\/isi-securite-interieure.fr\\\/index.php\\\/contactez-nous\\\/#breadcrumb\"},\"inLanguage\":\"fr-FR\",\"potentialAction\":[{\"@type\":\"ReadAction\",\"target\":[\"https:\\\/\\\/isi-securite-interieure.fr\\\/index.php\\\/contactez-nous\\\/\"]}]},{\"@type\":\"ImageObject\",\"inLanguage\":\"fr-FR\",\"@id\":\"https:\\\/\\\/isi-securite-interieure.fr\\\/index.php\\\/contactez-nous\\\/#primaryimage\",\"url\":\"https:\\\/\\\/isi-securite-interieure.fr\\\/wp-content\\\/uploads\\\/2025\\\/10\\\/PHOTO-2025-09-10-23-18-26.jpg\",\"contentUrl\":\"https:\\\/\\\/isi-securite-interieure.fr\\\/wp-content\\\/uploads\\\/2025\\\/10\\\/PHOTO-2025-09-10-23-18-26.jpg\",\"width\":1024,\"height\":1024},{\"@type\":\"BreadcrumbList\",\"@id\":\"https:\\\/\\\/isi-securite-interieure.fr\\\/index.php\\\/contactez-nous\\\/#breadcrumb\",\"itemListElement\":[{\"@type\":\"ListItem\",\"position\":1,\"name\":\"Accueil\",\"item\":\"https:\\\/\\\/isi-securite-interieure.fr\\\/\"},{\"@type\":\"ListItem\",\"position\":2,\"name\":\"Contactez-nous\"}]},{\"@type\":\"WebSite\",\"@id\":\"https:\\\/\\\/isi-securite-interieure.fr\\\/#website\",\"url\":\"https:\\\/\\\/isi-securite-interieure.fr\\\/\",\"name\":\"Initiative S\u00e9curit\u00e9 Interieur\",\"description\":\"Cercle de r\u00e9flexion et d\u2019influence.  Parce que la s\u00e9curit\u00e9 est la premi\u00e8re de nos libert\u00e9s.\",\"publisher\":{\"@id\":\"https:\\\/\\\/isi-securite-interieure.fr\\\/#organization\"},\"potentialAction\":[{\"@type\":\"SearchAction\",\"target\":{\"@type\":\"EntryPoint\",\"urlTemplate\":\"https:\\\/\\\/isi-securite-interieure.fr\\\/?s={search_term_string}\"},\"query-input\":{\"@type\":\"PropertyValueSpecification\",\"valueRequired\":true,\"valueName\":\"search_term_string\"}}],\"inLanguage\":\"fr-FR\"},{\"@type\":\"Organization\",\"@id\":\"https:\\\/\\\/isi-securite-interieure.fr\\\/#organization\",\"name\":\"Initiative S\u00e9curit\u00e9 Interieur\",\"url\":\"https:\\\/\\\/isi-securite-interieure.fr\\\/\",\"logo\":{\"@type\":\"ImageObject\",\"inLanguage\":\"fr-FR\",\"@id\":\"https:\\\/\\\/isi-securite-interieure.fr\\\/#\\\/schema\\\/logo\\\/image\\\/\",\"url\":\"https:\\\/\\\/isi-securite-interieure.fr\\\/wp-content\\\/uploads\\\/2025\\\/11\\\/cropped-cropped-PHOTO-2025-11-09-17-37-24.jpg\",\"contentUrl\":\"https:\\\/\\\/isi-securite-interieure.fr\\\/wp-content\\\/uploads\\\/2025\\\/11\\\/cropped-cropped-PHOTO-2025-11-09-17-37-24.jpg\",\"width\":512,\"height\":512,\"caption\":\"Initiative S\u00e9curit\u00e9 Interieur\"},\"image\":{\"@id\":\"https:\\\/\\\/isi-securite-interieure.fr\\\/#\\\/schema\\\/logo\\\/image\\\/\"},\"sameAs\":[\"https:\\\/\\\/x.com\\\/i_s_interieure\"]}]}<\/script>\n<!-- \/ Yoast SEO plugin. -->","yoast_head_json":{"title":"Contactez-nous - Initiative S\u00e9curit\u00e9 Interieure","description":"Cercle de r\u00e9flexion et d\u2019influence. Parce que la s\u00e9curit\u00e9 est la premi\u00e8re de nos libert\u00e9s.","robots":{"index":"index","follow":"follow","max-snippet":"max-snippet:-1","max-image-preview":"max-image-preview:large","max-video-preview":"max-video-preview:-1"},"canonical":"https:\/\/isi-securite-interieure.fr\/index.php\/contactez-nous\/","og_locale":"fr_FR","og_type":"article","og_title":"Contactez-nous - Initiative S\u00e9curit\u00e9 Interieure","og_description":"Cercle de r\u00e9flexion et d\u2019influence. Parce que la s\u00e9curit\u00e9 est la premi\u00e8re de nos libert\u00e9s.","og_url":"https:\/\/isi-securite-interieure.fr\/index.php\/contactez-nous\/","og_site_name":"Initiative S\u00e9curit\u00e9 Interieure","article_modified_time":"2026-01-31T16:37:21+00:00","og_image":[{"width":1024,"height":1024,"url":"https:\/\/isi-securite-interieure.fr\/wp-content\/uploads\/2025\/10\/PHOTO-2025-09-10-23-18-26.jpg","type":"image\/jpeg"}],"twitter_card":"summary_large_image","twitter_site":"@i_s_interieure","twitter_misc":{"Dur\u00e9e de lecture estim\u00e9e":"1 minute"},"schema":{"@context":"https:\/\/schema.org","@graph":[{"@type":"WebPage","@id":"https:\/\/isi-securite-interieure.fr\/index.php\/contactez-nous\/","url":"https:\/\/isi-securite-interieure.fr\/index.php\/contactez-nous\/","name":"Contactez-nous - Initiative S\u00e9curit\u00e9 Interieure","isPartOf":{"@id":"https:\/\/isi-securite-interieure.fr\/#website"},"primaryImageOfPage":{"@id":"https:\/\/isi-securite-interieure.fr\/index.php\/contactez-nous\/#primaryimage"},"image":{"@id":"https:\/\/isi-securite-interieure.fr\/index.php\/contactez-nous\/#primaryimage"},"thumbnailUrl":"https:\/\/isi-securite-interieure.fr\/wp-content\/uploads\/2025\/10\/PHOTO-2025-09-10-23-18-26.jpg","datePublished":"2025-10-14T14:19:05+00:00","dateModified":"2026-01-31T16:37:21+00:00","description":"Cercle de r\u00e9flexion et d\u2019influence. Parce que la s\u00e9curit\u00e9 est la premi\u00e8re de nos libert\u00e9s.","breadcrumb":{"@id":"https:\/\/isi-securite-interieure.fr\/index.php\/contactez-nous\/#breadcrumb"},"inLanguage":"fr-FR","potentialAction":[{"@type":"ReadAction","target":["https:\/\/isi-securite-interieure.fr\/index.php\/contactez-nous\/"]}]},{"@type":"ImageObject","inLanguage":"fr-FR","@id":"https:\/\/isi-securite-interieure.fr\/index.php\/contactez-nous\/#primaryimage","url":"https:\/\/isi-securite-interieure.fr\/wp-content\/uploads\/2025\/10\/PHOTO-2025-09-10-23-18-26.jpg","contentUrl":"https:\/\/isi-securite-interieure.fr\/wp-content\/uploads\/2025\/10\/PHOTO-2025-09-10-23-18-26.jpg","width":1024,"height":1024},{"@type":"BreadcrumbList","@id":"https:\/\/isi-securite-interieure.fr\/index.php\/contactez-nous\/#breadcrumb","itemListElement":[{"@type":"ListItem","position":1,"name":"Accueil","item":"https:\/\/isi-securite-interieure.fr\/"},{"@type":"ListItem","position":2,"name":"Contactez-nous"}]},{"@type":"WebSite","@id":"https:\/\/isi-securite-interieure.fr\/#website","url":"https:\/\/isi-securite-interieure.fr\/","name":"Initiative S\u00e9curit\u00e9 Interieur","description":"Cercle de r\u00e9flexion et d\u2019influence.  Parce que la s\u00e9curit\u00e9 est la premi\u00e8re de nos libert\u00e9s.","publisher":{"@id":"https:\/\/isi-securite-interieure.fr\/#organization"},"potentialAction":[{"@type":"SearchAction","target":{"@type":"EntryPoint","urlTemplate":"https:\/\/isi-securite-interieure.fr\/?s={search_term_string}"},"query-input":{"@type":"PropertyValueSpecification","valueRequired":true,"valueName":"search_term_string"}}],"inLanguage":"fr-FR"},{"@type":"Organization","@id":"https:\/\/isi-securite-interieure.fr\/#organization","name":"Initiative S\u00e9curit\u00e9 Interieur","url":"https:\/\/isi-securite-interieure.fr\/","logo":{"@type":"ImageObject","inLanguage":"fr-FR","@id":"https:\/\/isi-securite-interieure.fr\/#\/schema\/logo\/image\/","url":"https:\/\/isi-securite-interieure.fr\/wp-content\/uploads\/2025\/11\/cropped-cropped-PHOTO-2025-11-09-17-37-24.jpg","contentUrl":"https:\/\/isi-securite-interieure.fr\/wp-content\/uploads\/2025\/11\/cropped-cropped-PHOTO-2025-11-09-17-37-24.jpg","width":512,"height":512,"caption":"Initiative S\u00e9curit\u00e9 Interieur"},"image":{"@id":"https:\/\/isi-securite-interieure.fr\/#\/schema\/logo\/image\/"},"sameAs":["https:\/\/x.com\/i_s_interieure"]}]}},"_links":{"self":[{"href":"https:\/\/isi-securite-interieure.fr\/index.php\/wp-json\/wp\/v2\/pages\/123","targetHints":{"allow":["GET"]}}],"collection":[{"href":"https:\/\/isi-securite-interieure.fr\/index.php\/wp-json\/wp\/v2\/pages"}],"about":[{"href":"https:\/\/isi-securite-interieure.fr\/index.php\/wp-json\/wp\/v2\/types\/page"}],"author":[{"embeddable":true,"href":"https:\/\/isi-securite-interieure.fr\/index.php\/wp-json\/wp\/v2\/users\/1"}],"replies":[{"embeddable":true,"href":"https:\/\/isi-securite-interieure.fr\/index.php\/wp-json\/wp\/v2\/comments?post=123"}],"version-history":[{"count":9,"href":"https:\/\/isi-securite-interieure.fr\/index.php\/wp-json\/wp\/v2\/pages\/123\/revisions"}],"predecessor-version":[{"id":294,"href":"https:\/\/isi-securite-interieure.fr\/index.php\/wp-json\/wp\/v2\/pages\/123\/revisions\/294"}],"wp:attachment":[{"href":"https:\/\/isi-securite-interieure.fr\/index.php\/wp-json\/wp\/v2\/media?parent=123"}],"curies":[{"name":"wp","href":"https:\/\/api.w.org\/{rel}","templated":true}]}}