{"id":12,"date":"2025-10-13T19:03:12","date_gmt":"2025-10-13T19:03:12","guid":{"rendered":"https:\/\/isi-securite-interieure.fr\/?page_id=12"},"modified":"2026-01-31T16:36:31","modified_gmt":"2026-01-31T16:36:31","slug":"qui-sommes-nous","status":"publish","type":"page","link":"https:\/\/isi-securite-interieure.fr\/index.php\/qui-sommes-nous\/","title":{"rendered":"Qui sommes nous ?"},"content":{"rendered":"\n<p class=\"has-secondary-color has-text-color has-link-color wp-elements-f5acbf3569bdad165d937d429c545a89\">Nous sommes un collectif n\u00e9 du terrain, l\u00e0 o\u00f9 la s\u00e9curit\u00e9 et la justice se vivent chaque jour. Policier, magistrat, d\u00e9cideur ou acteur de terrain : chacun de nous apporte une exp\u00e9rience concr\u00e8te, forg\u00e9e au contact des r\u00e9alit\u00e9s quotidiennes.<\/p>\n\n\n\n<p class=\"has-secondary-color has-text-color has-link-color wp-elements-a9de361740c1248cd83775d49123becf\">Ensemble, nous avons choisi de d\u00e9passer les clivages pour r\u00e9fl\u00e9chir autrement. Notre force, c\u2019est le pragmatisme : partir du r\u00e9el pour imaginer des solutions utiles, justes et applicables, qui renforcent la confiance entre citoyens, forces de l\u2019ordre et institutions judiciaires.<\/p>\n\n\n\n<p class=\"has-secondary-color has-text-color has-link-color wp-elements-80cca905597ae67ec6fa1610b976a5eb\">Notre engagement est simple : ouvrir un espace ind\u00e9pendant, o\u00f9 l\u2019on ose poser les bonnes questions et proposer des r\u00e9ponses concr\u00e8tes pour une s\u00e9curit\u00e9 et une justice au service de tous.<\/p>\n\n\n<div class=\"alignright wp-block-site-logo\"><a href=\"https:\/\/isi-securite-interieure.fr\/\" class=\"custom-logo-link\" rel=\"home\"><img decoding=\"async\" width=\"202\" height=\"202\" style=\"height: 202px;\" src=\"https:\/\/isi-securite-interieure.fr\/wp-content\/uploads\/2025\/11\/cropped-cropped-PHOTO-2025-11-09-17-37-24.jpg\" class=\"custom-logo\" alt=\"Initiative S\u00e9curit\u00e9 Interieure\" srcset=\"https:\/\/isi-securite-interieure.fr\/wp-content\/uploads\/2025\/11\/cropped-cropped-PHOTO-2025-11-09-17-37-24.jpg 512w, https:\/\/isi-securite-interieure.fr\/wp-content\/uploads\/2025\/11\/cropped-cropped-PHOTO-2025-11-09-17-37-24-300x300.jpg 300w, https:\/\/isi-securite-interieure.fr\/wp-content\/uploads\/2025\/11\/cropped-cropped-PHOTO-2025-11-09-17-37-24-150x150.jpg 150w, https:\/\/isi-securite-interieure.fr\/wp-content\/uploads\/2025\/11\/cropped-cropped-PHOTO-2025-11-09-17-37-24-270x270.jpg 270w, https:\/\/isi-securite-interieure.fr\/wp-content\/uploads\/2025\/11\/cropped-cropped-PHOTO-2025-11-09-17-37-24-192x192.jpg 192w, https:\/\/isi-securite-interieure.fr\/wp-content\/uploads\/2025\/11\/cropped-cropped-PHOTO-2025-11-09-17-37-24-180x180.jpg 180w, https:\/\/isi-securite-interieure.fr\/wp-content\/uploads\/2025\/11\/cropped-cropped-PHOTO-2025-11-09-17-37-24-32x32.jpg 32w\" sizes=\"(max-width: 405px) 100vw, 405px\" \/><\/a><\/div>\n\n\n<div class=\"wp-block-media-text has-media-on-the-right is-stacked-on-mobile\" style=\"grid-template-columns:auto 85%\"><div class=\"wp-block-media-text__content\">\n<p><\/p>\n<\/div><figure class=\"wp-block-media-text__media\"><video controls src=\"https:\/\/isi-securite-interieure.fr\/wp-content\/uploads\/2025\/10\/ScreenRecording_07-26-2025-17-41-03_1-1.mp4\"><\/video><\/figure><\/div>\n\n\n\n<p class=\"has-text-align-right has-secondary-color has-text-color has-link-color wp-elements-f8f94236af7d393d245ee990090513fb\">Entrevue avec Bruno Pomart, ex-policier instructeur du Raid, Pr\u00e9sident fondateur de Raid Aventure Organisation. Pr\u00e9sident co-fondateur d\u2019Initiative S\u00e9curit\u00e9 Int\u00e9rieure&nbsp;\u2013&nbsp;ISI<\/p>\n\n\n\n<div class=\"wp-block-media-text has-media-on-the-right is-stacked-on-mobile\" style=\"grid-template-columns:auto 85%\"><div class=\"wp-block-media-text__content\">\n<p><\/p>\n<\/div><figure class=\"wp-block-media-text__media\"><video controls src=\"https:\/\/isi-securite-interieure.fr\/wp-content\/uploads\/2025\/10\/ScreenRecording_07-26-2025-17-43-01_1.mp4\"><\/video><\/figure><\/div>\n\n\n\n<p class=\"has-text-align-right has-secondary-color has-text-color has-link-color wp-elements-590c57a911b9ba3df9201c6c09604497\">Entrevue avec Linda Kebbab, polici\u00e8re, Secr\u00e9taire Nationale UN1T\u00c9, Vice-Pr\u00e9sidente et co-fondatrice d\u2019Intiative S\u00e9curit\u00e9 Int\u00e9rieure &#8211; ISI.<\/p>\n\n\n\n<div class=\"wp-block-media-text has-media-on-the-right is-stacked-on-mobile\" style=\"grid-template-columns:auto 85%\"><div class=\"wp-block-media-text__content\">\n<p><\/p>\n<\/div><figure class=\"wp-block-media-text__media\"><video controls src=\"https:\/\/isi-securite-interieure.fr\/wp-content\/uploads\/2025\/10\/ScreenRecording_07-26-2025-17-45-10_1.mp4\"><\/video><\/figure><\/div>\n\n\n\n<p class=\"has-text-align-right has-secondary-color has-text-color has-link-color wp-elements-341bc85d3e1caae130b370b0ef205583\">Entrevue avec Jean-Michel Fauvergue, ancien chef du RAID, ancien d\u00e9put\u00e9. Co-fondateur d\u2019Initiative S\u00e9curit\u00e9 Int\u00e9rieure \u2013 ISI<\/p>\n\n\n\n<div class=\"wp-block-group alignfull has-background-color has-white-color has-black-background-color has-text-color has-background has-link-color wp-elements-de5f3ff0ae8b5b44de80c5bc69a349ca is-vertical is-content-justification-center is-layout-flex wp-container-core-group-is-layout-8adbaf51 wp-block-group-is-layout-flex\" style=\"min-height:40vh;margin-top:0;margin-bottom:0;padding-top:var(--wp--preset--spacing--60);padding-right:var(--wp--preset--spacing--40);padding-bottom:var(--wp--preset--spacing--60);padding-left:var(--wp--preset--spacing--40)\">\n<div class=\"wp-block-columns alignwide has-small-font-size is-layout-flex wp-container-core-columns-is-layout-9d6595d7 wp-block-columns-is-layout-flex\">\n<div class=\"wp-block-column is-layout-flow wp-block-column-is-layout-flow\">\n<figure class=\"wp-block-image size-full\"><img fetchpriority=\"high\" decoding=\"async\" width=\"1024\" height=\"1024\" src=\"https:\/\/isi-securite-interieure.fr\/wp-content\/uploads\/2025\/10\/PHOTO-2025-09-10-23-18-26.jpg\" alt=\"\" class=\"wp-image-143\" srcset=\"https:\/\/isi-securite-interieure.fr\/wp-content\/uploads\/2025\/10\/PHOTO-2025-09-10-23-18-26.jpg 1024w, https:\/\/isi-securite-interieure.fr\/wp-content\/uploads\/2025\/10\/PHOTO-2025-09-10-23-18-26-300x300.jpg 300w, https:\/\/isi-securite-interieure.fr\/wp-content\/uploads\/2025\/10\/PHOTO-2025-09-10-23-18-26-150x150.jpg 150w, https:\/\/isi-securite-interieure.fr\/wp-content\/uploads\/2025\/10\/PHOTO-2025-09-10-23-18-26-768x768.jpg 768w\" sizes=\"(max-width: 1024px) 100vw, 1024px\" \/><\/figure>\n<\/div>\n\n\n\n<div class=\"wp-block-column is-layout-flow wp-block-column-is-layout-flow\">\n<p class=\"has-text-align-center\">Pages<\/p>\n\n\n<nav class=\"has-small-font-size items-justified-center is-vertical no-wrap wp-block-navigation is-content-justification-center is-nowrap is-layout-flex wp-container-core-navigation-is-layout-685400d0 wp-block-navigation-is-layout-flex\" aria-label=\"Navigation\"><ul class=\"wp-block-navigation__container has-small-font-size items-justified-center is-vertical no-wrap wp-block-navigation has-small-font-size\"><li class=\"has-small-font-size wp-block-navigation-item wp-block-navigation-link\"><a class=\"wp-block-navigation-item__content\"  href=\"https:\/\/isi-securite-interieure.fr\/index.php\/accueil\/\"><span class=\"wp-block-navigation-item__label\">Accueil<\/span><\/a><\/li><li class=\"has-small-font-size wp-block-navigation-item wp-block-navigation-link\"><a class=\"wp-block-navigation-item__content\"  href=\"https:\/\/isi-securite-interieure.fr\/index.php\/qui-sommes-nous\/\"><span class=\"wp-block-navigation-item__label\">Qui sommes nous ?<\/span><\/a><\/li><li class=\"has-small-font-size wp-block-navigation-item wp-block-navigation-link\"><a class=\"wp-block-navigation-item__content\"  href=\"https:\/\/isi-securite-interieure.fr\/index.php\/travaux\/\"><span class=\"wp-block-navigation-item__label\">Travaux<\/span><\/a><\/li><li class=\"has-small-font-size wp-block-navigation-item wp-block-navigation-link\"><a class=\"wp-block-navigation-item__content\"  href=\"https:\/\/isi-securite-interieure.fr\/index.php\/medias\/\"><span class=\"wp-block-navigation-item__label\">Presse &amp; Tribunes<\/span><\/a><\/li><li class=\"has-small-font-size wp-block-navigation-item wp-block-navigation-link\"><a class=\"wp-block-navigation-item__content\"  href=\"https:\/\/isi-securite-interieure.fr\/index.php\/journaux\/\"><span class=\"wp-block-navigation-item__label\">M\u00e9dias<\/span><\/a><\/li><li class=\"has-small-font-size wp-block-navigation-item wp-block-navigation-link\"><a class=\"wp-block-navigation-item__content\"  href=\"https:\/\/isi-securite-interieure.fr\/index.php\/contactez-nous\/\"><span class=\"wp-block-navigation-item__label\">Contactez-nous !<\/span><\/a><\/li><li class=\"has-small-font-size wp-block-navigation-item wp-block-navigation-link\"><a class=\"wp-block-navigation-item__content\"  href=\"https:\/\/isi-securite-interieure.fr\/index.php\/97-2\/\"><span class=\"wp-block-navigation-item__label\">Mentions l\u00e9gales<\/span><\/a><\/li><\/ul><\/nav>\n\n\n<div style=\"height:24px\" aria-hidden=\"true\" class=\"wp-block-spacer\"><\/div>\n<\/div>\n\n\n\n<div class=\"wp-block-column is-layout-flow wp-block-column-is-layout-flow\">\n<p class=\"has-text-align-center\">Suivez nous<\/p>\n\n\n\n<div class=\"wp-block-group is-vertical is-content-justification-center is-layout-flex wp-container-core-group-is-layout-bdd043ae wp-block-group-is-layout-flex\">\n<p><a href=\"https:\/\/x.com\/isisecurite_int?s=11&amp;t=W8cZMrzpBgYcQ3-Vu5xGNA\">X\/Twitter<\/a><\/p>\n\n\n\n<p><a href=\"#\">Linkedin<\/a><\/p>\n\n\n\n<p><\/p>\n<\/div>\n\n\n\n<div style=\"height:24px\" aria-hidden=\"true\" class=\"wp-block-spacer\"><\/div>\n<\/div>\n<\/div>\n\n\n\n<div class=\"wp-block-group alignwide is-content-justification-center is-layout-flex wp-container-core-group-is-layout-5590e8cb wp-block-group-is-layout-flex\">\n<p class=\"has-text-align-center has-small-font-size\"><\/p>\n<\/div>\n<\/div>\n\n\n\n<p><\/p>\n","protected":false},"excerpt":{"rendered":"<p>Nous sommes un collectif n\u00e9 du terrain, l\u00e0 o\u00f9 la s\u00e9curit\u00e9 et la justice se vivent chaque jour. Policier, magistrat, d\u00e9cideur ou acteur de terrain : chacun de nous apporte une exp\u00e9rience concr\u00e8te, forg\u00e9e au contact des r\u00e9alit\u00e9s quotidiennes. Ensemble, nous avons choisi de d\u00e9passer les clivages pour r\u00e9fl\u00e9chir autrement. Notre force, c\u2019est le pragmatisme [&hellip;]<\/p>\n","protected":false},"author":1,"featured_media":0,"parent":0,"menu_order":0,"comment_status":"closed","ping_status":"closed","template":"","meta":{"om_disable_all_campaigns":false,"footnotes":""},"class_list":["post-12","page","type-page","status-publish","hentry"],"yoast_head":"<!-- This site is optimized with the Yoast SEO plugin v27.3 - https:\/\/yoast.com\/product\/yoast-seo-wordpress\/ -->\n<title>Qui sommes nous ? - Initiative S\u00e9curit\u00e9 Interieure<\/title>\n<meta name=\"description\" content=\"Initiative S\u00e9curit\u00e9 Interieure Cercle de r\u00e9flexion et d\u2019influence. Parce que la s\u00e9curit\u00e9 est la premi\u00e8re de nos libert\u00e9s.\" \/>\n<meta name=\"robots\" content=\"index, follow, max-snippet:-1, max-image-preview:large, max-video-preview:-1\" \/>\n<link rel=\"canonical\" href=\"https:\/\/isi-securite-interieure.fr\/index.php\/qui-sommes-nous\/\" \/>\n<meta property=\"og:locale\" content=\"fr_FR\" \/>\n<meta property=\"og:type\" content=\"article\" \/>\n<meta property=\"og:title\" content=\"Qui sommes nous ? - Initiative S\u00e9curit\u00e9 Interieure\" \/>\n<meta property=\"og:description\" content=\"Initiative S\u00e9curit\u00e9 Interieure Cercle de r\u00e9flexion et d\u2019influence. Parce que la s\u00e9curit\u00e9 est la premi\u00e8re de nos libert\u00e9s.\" \/>\n<meta property=\"og:url\" content=\"https:\/\/isi-securite-interieure.fr\/index.php\/qui-sommes-nous\/\" \/>\n<meta property=\"og:site_name\" content=\"Initiative S\u00e9curit\u00e9 Interieure\" \/>\n<meta property=\"article:modified_time\" content=\"2026-01-31T16:36:31+00:00\" \/>\n<meta property=\"og:image\" content=\"https:\/\/isi-securite-interieure.fr\/wp-content\/uploads\/2025\/10\/PHOTO-2025-09-10-23-18-26.jpg\" \/>\n<meta name=\"twitter:card\" content=\"summary_large_image\" \/>\n<meta name=\"twitter:site\" content=\"@i_s_interieure\" \/>\n<meta name=\"twitter:label1\" content=\"Dur\u00e9e de lecture estim\u00e9e\" \/>\n\t<meta name=\"twitter:data1\" content=\"2 minutes\" \/>\n<script type=\"application\/ld+json\" class=\"yoast-schema-graph\">{\"@context\":\"https:\\\/\\\/schema.org\",\"@graph\":[{\"@type\":\"WebPage\",\"@id\":\"https:\\\/\\\/isi-securite-interieure.fr\\\/index.php\\\/qui-sommes-nous\\\/\",\"url\":\"https:\\\/\\\/isi-securite-interieure.fr\\\/index.php\\\/qui-sommes-nous\\\/\",\"name\":\"Qui sommes nous ? - Initiative S\u00e9curit\u00e9 Interieure\",\"isPartOf\":{\"@id\":\"https:\\\/\\\/isi-securite-interieure.fr\\\/#website\"},\"primaryImageOfPage\":{\"@id\":\"https:\\\/\\\/isi-securite-interieure.fr\\\/index.php\\\/qui-sommes-nous\\\/#primaryimage\"},\"image\":{\"@id\":\"https:\\\/\\\/isi-securite-interieure.fr\\\/index.php\\\/qui-sommes-nous\\\/#primaryimage\"},\"thumbnailUrl\":\"https:\\\/\\\/isi-securite-interieure.fr\\\/wp-content\\\/uploads\\\/2025\\\/10\\\/PHOTO-2025-09-10-23-18-26.jpg\",\"datePublished\":\"2025-10-13T19:03:12+00:00\",\"dateModified\":\"2026-01-31T16:36:31+00:00\",\"description\":\"Initiative S\u00e9curit\u00e9 Interieure Cercle de r\u00e9flexion et d\u2019influence. Parce que la s\u00e9curit\u00e9 est la premi\u00e8re de nos libert\u00e9s.\",\"breadcrumb\":{\"@id\":\"https:\\\/\\\/isi-securite-interieure.fr\\\/index.php\\\/qui-sommes-nous\\\/#breadcrumb\"},\"inLanguage\":\"fr-FR\",\"potentialAction\":[{\"@type\":\"ReadAction\",\"target\":[\"https:\\\/\\\/isi-securite-interieure.fr\\\/index.php\\\/qui-sommes-nous\\\/\"]}]},{\"@type\":\"ImageObject\",\"inLanguage\":\"fr-FR\",\"@id\":\"https:\\\/\\\/isi-securite-interieure.fr\\\/index.php\\\/qui-sommes-nous\\\/#primaryimage\",\"url\":\"https:\\\/\\\/isi-securite-interieure.fr\\\/wp-content\\\/uploads\\\/2025\\\/10\\\/PHOTO-2025-09-10-23-18-26.jpg\",\"contentUrl\":\"https:\\\/\\\/isi-securite-interieure.fr\\\/wp-content\\\/uploads\\\/2025\\\/10\\\/PHOTO-2025-09-10-23-18-26.jpg\",\"width\":1024,\"height\":1024},{\"@type\":\"BreadcrumbList\",\"@id\":\"https:\\\/\\\/isi-securite-interieure.fr\\\/index.php\\\/qui-sommes-nous\\\/#breadcrumb\",\"itemListElement\":[{\"@type\":\"ListItem\",\"position\":1,\"name\":\"Accueil\",\"item\":\"https:\\\/\\\/isi-securite-interieure.fr\\\/\"},{\"@type\":\"ListItem\",\"position\":2,\"name\":\"Qui sommes nous ?\"}]},{\"@type\":\"WebSite\",\"@id\":\"https:\\\/\\\/isi-securite-interieure.fr\\\/#website\",\"url\":\"https:\\\/\\\/isi-securite-interieure.fr\\\/\",\"name\":\"Initiative S\u00e9curit\u00e9 Interieur\",\"description\":\"Cercle de r\u00e9flexion et d\u2019influence.  Parce que la s\u00e9curit\u00e9 est la premi\u00e8re de nos libert\u00e9s.\",\"publisher\":{\"@id\":\"https:\\\/\\\/isi-securite-interieure.fr\\\/#organization\"},\"potentialAction\":[{\"@type\":\"SearchAction\",\"target\":{\"@type\":\"EntryPoint\",\"urlTemplate\":\"https:\\\/\\\/isi-securite-interieure.fr\\\/?s={search_term_string}\"},\"query-input\":{\"@type\":\"PropertyValueSpecification\",\"valueRequired\":true,\"valueName\":\"search_term_string\"}}],\"inLanguage\":\"fr-FR\"},{\"@type\":\"Organization\",\"@id\":\"https:\\\/\\\/isi-securite-interieure.fr\\\/#organization\",\"name\":\"Initiative S\u00e9curit\u00e9 Interieur\",\"url\":\"https:\\\/\\\/isi-securite-interieure.fr\\\/\",\"logo\":{\"@type\":\"ImageObject\",\"inLanguage\":\"fr-FR\",\"@id\":\"https:\\\/\\\/isi-securite-interieure.fr\\\/#\\\/schema\\\/logo\\\/image\\\/\",\"url\":\"https:\\\/\\\/isi-securite-interieure.fr\\\/wp-content\\\/uploads\\\/2025\\\/11\\\/cropped-cropped-PHOTO-2025-11-09-17-37-24.jpg\",\"contentUrl\":\"https:\\\/\\\/isi-securite-interieure.fr\\\/wp-content\\\/uploads\\\/2025\\\/11\\\/cropped-cropped-PHOTO-2025-11-09-17-37-24.jpg\",\"width\":512,\"height\":512,\"caption\":\"Initiative S\u00e9curit\u00e9 Interieur\"},\"image\":{\"@id\":\"https:\\\/\\\/isi-securite-interieure.fr\\\/#\\\/schema\\\/logo\\\/image\\\/\"},\"sameAs\":[\"https:\\\/\\\/x.com\\\/i_s_interieure\"]}]}<\/script>\n<!-- \/ Yoast SEO plugin. -->","yoast_head_json":{"title":"Qui sommes nous ? - Initiative S\u00e9curit\u00e9 Interieure","description":"Initiative S\u00e9curit\u00e9 Interieure Cercle de r\u00e9flexion et d\u2019influence. Parce que la s\u00e9curit\u00e9 est la premi\u00e8re de nos libert\u00e9s.","robots":{"index":"index","follow":"follow","max-snippet":"max-snippet:-1","max-image-preview":"max-image-preview:large","max-video-preview":"max-video-preview:-1"},"canonical":"https:\/\/isi-securite-interieure.fr\/index.php\/qui-sommes-nous\/","og_locale":"fr_FR","og_type":"article","og_title":"Qui sommes nous ? - Initiative S\u00e9curit\u00e9 Interieure","og_description":"Initiative S\u00e9curit\u00e9 Interieure Cercle de r\u00e9flexion et d\u2019influence. Parce que la s\u00e9curit\u00e9 est la premi\u00e8re de nos libert\u00e9s.","og_url":"https:\/\/isi-securite-interieure.fr\/index.php\/qui-sommes-nous\/","og_site_name":"Initiative S\u00e9curit\u00e9 Interieure","article_modified_time":"2026-01-31T16:36:31+00:00","og_image":[{"url":"https:\/\/isi-securite-interieure.fr\/wp-content\/uploads\/2025\/10\/PHOTO-2025-09-10-23-18-26.jpg","type":"","width":"","height":""}],"twitter_card":"summary_large_image","twitter_site":"@i_s_interieure","twitter_misc":{"Dur\u00e9e de lecture estim\u00e9e":"2 minutes"},"schema":{"@context":"https:\/\/schema.org","@graph":[{"@type":"WebPage","@id":"https:\/\/isi-securite-interieure.fr\/index.php\/qui-sommes-nous\/","url":"https:\/\/isi-securite-interieure.fr\/index.php\/qui-sommes-nous\/","name":"Qui sommes nous ? - Initiative S\u00e9curit\u00e9 Interieure","isPartOf":{"@id":"https:\/\/isi-securite-interieure.fr\/#website"},"primaryImageOfPage":{"@id":"https:\/\/isi-securite-interieure.fr\/index.php\/qui-sommes-nous\/#primaryimage"},"image":{"@id":"https:\/\/isi-securite-interieure.fr\/index.php\/qui-sommes-nous\/#primaryimage"},"thumbnailUrl":"https:\/\/isi-securite-interieure.fr\/wp-content\/uploads\/2025\/10\/PHOTO-2025-09-10-23-18-26.jpg","datePublished":"2025-10-13T19:03:12+00:00","dateModified":"2026-01-31T16:36:31+00:00","description":"Initiative S\u00e9curit\u00e9 Interieure Cercle de r\u00e9flexion et d\u2019influence. Parce que la s\u00e9curit\u00e9 est la premi\u00e8re de nos libert\u00e9s.","breadcrumb":{"@id":"https:\/\/isi-securite-interieure.fr\/index.php\/qui-sommes-nous\/#breadcrumb"},"inLanguage":"fr-FR","potentialAction":[{"@type":"ReadAction","target":["https:\/\/isi-securite-interieure.fr\/index.php\/qui-sommes-nous\/"]}]},{"@type":"ImageObject","inLanguage":"fr-FR","@id":"https:\/\/isi-securite-interieure.fr\/index.php\/qui-sommes-nous\/#primaryimage","url":"https:\/\/isi-securite-interieure.fr\/wp-content\/uploads\/2025\/10\/PHOTO-2025-09-10-23-18-26.jpg","contentUrl":"https:\/\/isi-securite-interieure.fr\/wp-content\/uploads\/2025\/10\/PHOTO-2025-09-10-23-18-26.jpg","width":1024,"height":1024},{"@type":"BreadcrumbList","@id":"https:\/\/isi-securite-interieure.fr\/index.php\/qui-sommes-nous\/#breadcrumb","itemListElement":[{"@type":"ListItem","position":1,"name":"Accueil","item":"https:\/\/isi-securite-interieure.fr\/"},{"@type":"ListItem","position":2,"name":"Qui sommes nous ?"}]},{"@type":"WebSite","@id":"https:\/\/isi-securite-interieure.fr\/#website","url":"https:\/\/isi-securite-interieure.fr\/","name":"Initiative S\u00e9curit\u00e9 Interieur","description":"Cercle de r\u00e9flexion et d\u2019influence.  Parce que la s\u00e9curit\u00e9 est la premi\u00e8re de nos libert\u00e9s.","publisher":{"@id":"https:\/\/isi-securite-interieure.fr\/#organization"},"potentialAction":[{"@type":"SearchAction","target":{"@type":"EntryPoint","urlTemplate":"https:\/\/isi-securite-interieure.fr\/?s={search_term_string}"},"query-input":{"@type":"PropertyValueSpecification","valueRequired":true,"valueName":"search_term_string"}}],"inLanguage":"fr-FR"},{"@type":"Organization","@id":"https:\/\/isi-securite-interieure.fr\/#organization","name":"Initiative S\u00e9curit\u00e9 Interieur","url":"https:\/\/isi-securite-interieure.fr\/","logo":{"@type":"ImageObject","inLanguage":"fr-FR","@id":"https:\/\/isi-securite-interieure.fr\/#\/schema\/logo\/image\/","url":"https:\/\/isi-securite-interieure.fr\/wp-content\/uploads\/2025\/11\/cropped-cropped-PHOTO-2025-11-09-17-37-24.jpg","contentUrl":"https:\/\/isi-securite-interieure.fr\/wp-content\/uploads\/2025\/11\/cropped-cropped-PHOTO-2025-11-09-17-37-24.jpg","width":512,"height":512,"caption":"Initiative S\u00e9curit\u00e9 Interieur"},"image":{"@id":"https:\/\/isi-securite-interieure.fr\/#\/schema\/logo\/image\/"},"sameAs":["https:\/\/x.com\/i_s_interieure"]}]}},"_links":{"self":[{"href":"https:\/\/isi-securite-interieure.fr\/index.php\/wp-json\/wp\/v2\/pages\/12","targetHints":{"allow":["GET"]}}],"collection":[{"href":"https:\/\/isi-securite-interieure.fr\/index.php\/wp-json\/wp\/v2\/pages"}],"about":[{"href":"https:\/\/isi-securite-interieure.fr\/index.php\/wp-json\/wp\/v2\/types\/page"}],"author":[{"embeddable":true,"href":"https:\/\/isi-securite-interieure.fr\/index.php\/wp-json\/wp\/v2\/users\/1"}],"replies":[{"embeddable":true,"href":"https:\/\/isi-securite-interieure.fr\/index.php\/wp-json\/wp\/v2\/comments?post=12"}],"version-history":[{"count":26,"href":"https:\/\/isi-securite-interieure.fr\/index.php\/wp-json\/wp\/v2\/pages\/12\/revisions"}],"predecessor-version":[{"id":293,"href":"https:\/\/isi-securite-interieure.fr\/index.php\/wp-json\/wp\/v2\/pages\/12\/revisions\/293"}],"wp:attachment":[{"href":"https:\/\/isi-securite-interieure.fr\/index.php\/wp-json\/wp\/v2\/media?parent=12"}],"curies":[{"name":"wp","href":"https:\/\/api.w.org\/{rel}","templated":true}]}}